{"id":2575,"date":"2023-07-03T12:10:24","date_gmt":"2023-07-03T16:10:24","guid":{"rendered":"https:\/\/freiheit.ca\/?page_id=2575"},"modified":"2025-11-17T21:41:28","modified_gmt":"2025-11-18T02:41:28","slug":"careers","status":"publish","type":"page","link":"https:\/\/freiheit.ca\/fr\/careers\/","title":{"rendered":"Carri\u00e8res"},"content":{"rendered":"<div data-elementor-type=\"wp-page\" data-elementor-id=\"2575\" class=\"elementor elementor-2575\" data-elementor-post-type=\"page\">\n\t\t\t\t\t\t<section class=\"elementor-section elementor-top-section elementor-element elementor-element-1049070 elementor-section-full_width elementor-section-height-default elementor-section-height-default\" data-id=\"1049070\" data-element_type=\"section\" data-e-type=\"section\" data-settings=\"{&quot;background_background&quot;:&quot;classic&quot;}\">\n\t\t\t\t\t\t<div class=\"elementor-container elementor-column-gap-default\">\n\t\t\t\t\t<div class=\"elementor-column elementor-col-100 elementor-top-column elementor-element elementor-element-de5652a\" data-id=\"de5652a\" data-element_type=\"column\" data-e-type=\"column\">\n\t\t\t<div class=\"elementor-widget-wrap\">\n\t\t\t\t\t\t\t<\/div>\n\t\t<\/div>\n\t\t\t\t\t<\/div>\n\t\t<\/section>\n\t\t\t\t<section class=\"elementor-section elementor-top-section elementor-element elementor-element-2b451c87 elementor-section-full_width elementor-section-height-default elementor-section-height-default\" data-id=\"2b451c87\" data-element_type=\"section\" data-e-type=\"section\" data-settings=\"{&quot;background_background&quot;:&quot;classic&quot;,&quot;shape_divider_bottom&quot;:&quot;curve&quot;,&quot;shape_divider_bottom_negative&quot;:&quot;yes&quot;}\">\n\t\t\t\t\t<div class=\"elementor-shape elementor-shape-bottom\" aria-hidden=\"true\" data-negative=\"true\">\n\t\t\t<svg xmlns=\"http:\/\/www.w3.org\/2000\/svg\" viewbox=\"0 0 1000 100\" preserveaspectratio=\"none\">\n\t<path class=\"elementor-shape-fill\" d=\"M500,97C126.7,96.3,0.8,19.8,0,0v100l1000,0V1C1000,19.4,873.3,97.8,500,97z\"\/>\n<\/svg>\t\t<\/div>\n\t\t\t\t\t<div class=\"elementor-container elementor-column-gap-no\">\n\t\t\t\t\t<div class=\"elementor-column elementor-col-100 elementor-top-column elementor-element elementor-element-6d27f23e\" data-id=\"6d27f23e\" data-element_type=\"column\" data-e-type=\"column\">\n\t\t\t<div class=\"elementor-widget-wrap elementor-element-populated\">\n\t\t\t\t\t\t<section class=\"elementor-section elementor-inner-section elementor-element elementor-element-630223b6 elementor-section-boxed elementor-section-height-default elementor-section-height-default\" data-id=\"630223b6\" data-element_type=\"section\" data-e-type=\"section\">\n\t\t\t\t\t\t<div class=\"elementor-container elementor-column-gap-default\">\n\t\t\t\t\t<div class=\"elementor-column elementor-col-50 elementor-inner-column elementor-element elementor-element-76b1d84a\" data-id=\"76b1d84a\" data-element_type=\"column\" data-e-type=\"column\" data-settings=\"{&quot;background_background&quot;:&quot;classic&quot;}\">\n\t\t\t<div class=\"elementor-widget-wrap elementor-element-populated\">\n\t\t\t\t\t\t<div class=\"elementor-element elementor-element-72b833cf elementor-widget elementor-widget-heading\" data-id=\"72b833cf\" data-element_type=\"widget\" data-e-type=\"widget\" data-widget_type=\"heading.default\">\n\t\t\t\t<div class=\"elementor-widget-container\">\n\t\t\t\t\t<h1 class=\"elementor-heading-title elementor-size-default\">Travailler avec nous<\/h1>\t\t\t\t<\/div>\n\t\t\t\t<\/div>\n\t\t\t\t<div class=\"elementor-element elementor-element-18745855 elementor-widget elementor-widget-spacer\" data-id=\"18745855\" data-element_type=\"widget\" data-e-type=\"widget\" data-widget_type=\"spacer.default\">\n\t\t\t\t<div class=\"elementor-widget-container\">\n\t\t\t\t\t\t\t<div class=\"elementor-spacer\">\n\t\t\t<div class=\"elementor-spacer-inner\"><\/div>\n\t\t<\/div>\n\t\t\t\t\t\t<\/div>\n\t\t\t\t<\/div>\n\t\t\t\t<div class=\"elementor-element elementor-element-27aab1ff elementor-mobile-align-center elementor-align-justify elementor-widget elementor-widget-button\" data-id=\"27aab1ff\" data-element_type=\"widget\" data-e-type=\"widget\" data-widget_type=\"button.default\">\n\t\t\t\t<div class=\"elementor-widget-container\">\n\t\t\t\t\t\t\t\t\t<div class=\"elementor-button-wrapper\">\n\t\t\t\t\t<a class=\"elementor-button elementor-button-link elementor-size-md\" href=\"https:\/\/freiheit.ca\/fr\/en-ca\/contact-us\/\" target=\"_blank\">\n\t\t\t\t\t\t<span class=\"elementor-button-content-wrapper\">\n\t\t\t\t\t\t\t\t\t<span class=\"elementor-button-text\">Contactez-nous<\/span>\n\t\t\t\t\t<\/span>\n\t\t\t\t\t<\/a>\n\t\t\t\t<\/div>\n\t\t\t\t\t\t\t\t<\/div>\n\t\t\t\t<\/div>\n\t\t\t\t\t<\/div>\n\t\t<\/div>\n\t\t\t\t<div class=\"elementor-column elementor-col-50 elementor-inner-column elementor-element elementor-element-d7e77bc\" data-id=\"d7e77bc\" data-element_type=\"column\" data-e-type=\"column\">\n\t\t\t<div class=\"elementor-widget-wrap\">\n\t\t\t\t\t\t\t<\/div>\n\t\t<\/div>\n\t\t\t\t\t<\/div>\n\t\t<\/section>\n\t\t\t\t\t<\/div>\n\t\t<\/div>\n\t\t\t\t\t<\/div>\n\t\t<\/section>\n\t\t\t\t<section class=\"elementor-section elementor-top-section elementor-element elementor-element-792bf57 elementor-section-boxed elementor-section-height-default elementor-section-height-default\" data-id=\"792bf57\" data-element_type=\"section\" data-e-type=\"section\" data-settings=\"{&quot;background_background&quot;:&quot;classic&quot;}\">\n\t\t\t\t\t\t<div class=\"elementor-container elementor-column-gap-default\">\n\t\t\t\t\t<div class=\"elementor-column elementor-col-100 elementor-top-column elementor-element elementor-element-f07f674\" data-id=\"f07f674\" data-element_type=\"column\" data-e-type=\"column\">\n\t\t\t<div class=\"elementor-widget-wrap elementor-element-populated\">\n\t\t\t\t\t\t<div class=\"elementor-element elementor-element-fe50983 elementor-widget elementor-widget-heading\" data-id=\"fe50983\" data-element_type=\"widget\" data-e-type=\"widget\" data-widget_type=\"heading.default\">\n\t\t\t\t<div class=\"elementor-widget-container\">\n\t\t\t\t\t<h2 class=\"elementor-heading-title elementor-size-default\">Travailler avec nous<\/h2>\t\t\t\t<\/div>\n\t\t\t\t<\/div>\n\t\t\t\t<div class=\"elementor-element elementor-element-23ee2b2 elementor-widget elementor-widget-text-editor\" data-id=\"23ee2b2\" data-element_type=\"widget\" data-e-type=\"widget\" data-widget_type=\"text-editor.default\">\n\t\t\t\t<div class=\"elementor-widget-container\">\n\t\t\t\t\t\t\t\t\t<p>Nous sommes toujours \u00e0 la recherche d'aides-soignants exp\u00e9riment\u00e9s et compatissants pour rejoindre notre \u00e9quipe.<\/p><p><span class=\"css-smaipe e1wnkr790\" role=\"document\">Nous nous engageons \u00e0 fournir \u00e0 nos clients les soins \u00e0 domicile de qualit\u00e9 qu'ils m\u00e9ritent. Nous offrons des services de soins \u00e0 domicile de haute qualit\u00e9 \u00e0 nos clients, donc si vous voulez donner les meilleurs soins possibles, vous pourriez appr\u00e9cier travailler avec nous. <br \/><\/span><\/p><p>Envoyez-nous votre r\u00e9sum\u00e9 par courriel \u00e0 <a href=\"mailto:info@freiheit.ca\">info@freiheit.ca<\/a>\u00a0or call us at <a href=\"tel:+16133662025\">613-366-2025<\/a><\/p><p>Tous les postes requi\u00e8rent un certificat de premiers secours valide avec RCP et une v\u00e9rification d'ant\u00e9c\u00e9dents judiciaires.<\/p>\t\t\t\t\t\t\t\t<\/div>\n\t\t\t\t<\/div>\n\t\t\t\t<div class=\"elementor-element elementor-element-f860088 elementor-widget elementor-widget-heading\" data-id=\"f860088\" data-element_type=\"widget\" data-e-type=\"widget\" data-widget_type=\"heading.default\">\n\t\t\t\t<div class=\"elementor-widget-container\">\n\t\t\t\t\t<h2 class=\"elementor-heading-title elementor-size-default\">Postes<\/h2>\t\t\t\t<\/div>\n\t\t\t\t<\/div>\n\t\t\t\t<div class=\"elementor-element elementor-element-04d8f91 elementor-widget elementor-widget-text-editor\" data-id=\"04d8f91\" data-element_type=\"widget\" data-e-type=\"widget\" data-widget_type=\"text-editor.default\">\n\t\t\t\t<div class=\"elementor-widget-container\">\n\t\t\t\t\t\t\t\t\t<p>Voici quelques-uns des postes et des types de candidats que nous recherchons. <\/p>\t\t\t\t\t\t\t\t<\/div>\n\t\t\t\t<\/div>\n\t\t\t\t<div class=\"elementor-element elementor-element-b9c3622 elementor-widget elementor-widget-heading\" data-id=\"b9c3622\" data-element_type=\"widget\" data-e-type=\"widget\" data-widget_type=\"heading.default\">\n\t\t\t\t<div class=\"elementor-widget-container\">\n\t\t\t\t\t<h3 class=\"elementor-heading-title elementor-size-default\">Pr\u00e9pos\u00e9(e)<\/h3>\t\t\t\t<\/div>\n\t\t\t\t<\/div>\n\t\t\t\t<div class=\"elementor-element elementor-element-b46a6f8 elementor-widget elementor-widget-text-editor\" data-id=\"b46a6f8\" data-element_type=\"widget\" data-e-type=\"widget\" data-widget_type=\"text-editor.default\">\n\t\t\t\t<div class=\"elementor-widget-container\">\n\t\t\t\t\t\t\t\t\t<p>Vous avez de l'exp\u00e9rience dans la prestation de soins personnels aux personnes \u00e2g\u00e9es ? Vous aimez prendre votre temps et offrir les meilleurs soins possibles ? \u00cates-vous compatissant(e) et attentionn\u00e9(e) ? Nous offrons des soins personnels aux personnes \u00e2g\u00e9es, tant dans les maisons de retraite que dans les logements r\u00e9sidentiels. Nous offrons des soins pendant la journ\u00e9e et la nuit. Si vous souhaitez rejoindre notre \u00e9quipe, veuillez envoyer votre r\u00e9sum\u00e9 par courriel \u00e0 <a href=\"mailto:info@freiheit.ca\">info@freiheit.ca<\/a> en pr\u00e9cisant votre exp\u00e9rience et vos disponibilit\u00e9s.<\/p>\t\t\t\t\t\t\t\t<\/div>\n\t\t\t\t<\/div>\n\t\t\t\t<div class=\"elementor-element elementor-element-35c5d65 elementor-widget elementor-widget-heading\" data-id=\"35c5d65\" data-element_type=\"widget\" data-e-type=\"widget\" data-widget_type=\"heading.default\">\n\t\t\t\t<div class=\"elementor-widget-container\">\n\t\t\t\t\t<h3 class=\"elementor-heading-title elementor-size-default\">Compagnon \/ Gardien(ne) <\/h3>\t\t\t\t<\/div>\n\t\t\t\t<\/div>\n\t\t\t\t<div class=\"elementor-element elementor-element-66674a5 elementor-widget elementor-widget-text-editor\" data-id=\"66674a5\" data-element_type=\"widget\" data-e-type=\"widget\" data-widget_type=\"text-editor.default\">\n\t\t\t\t<div class=\"elementor-widget-container\">\n\t\t\t\t\t\t\t\t\t<p>Vous aimez travailler avec les personnes \u00e2g\u00e9es ? Nous recherchons des personnes qui sont vraiment passionn\u00e9es par leur travail et qui veulent s'investir dans la vie des personnes avec lesquelles elles travaillent. Si vous aimez mettre un sourire sur le visage d'une personne \u00e2g\u00e9e, si vous \u00eates patient(e), amusant(e) et compatissant(e), ce poste est peut-\u00eatre fait pour vous. Veuillez envoyer votre r\u00e9sum\u00e9 par courriel \u00e0 <a href=\"mailto:info@freiheit.ca\">info@freiheit.ca<\/a> en pr\u00e9cisant ce que vous apporteriez \u00e0 ce poste.<\/p>\t\t\t\t\t\t\t\t<\/div>\n\t\t\t\t<\/div>\n\t\t\t\t<div class=\"elementor-element elementor-element-b1d0887 elementor-widget elementor-widget-heading\" data-id=\"b1d0887\" data-element_type=\"widget\" data-e-type=\"widget\" data-widget_type=\"heading.default\">\n\t\t\t\t<div class=\"elementor-widget-container\">\n\t\t\t\t\t<h3 class=\"elementor-heading-title elementor-size-default\">IA ou IAA<\/h3>\t\t\t\t<\/div>\n\t\t\t\t<\/div>\n\t\t\t\t<div class=\"elementor-element elementor-element-4a096fe elementor-widget elementor-widget-text-editor\" data-id=\"4a096fe\" data-element_type=\"widget\" data-e-type=\"widget\" data-widget_type=\"text-editor.default\">\n\t\t\t\t<div class=\"elementor-widget-container\">\n\t\t\t\t\t\t\t\t\t<p>Vous \u00eates une infirmi\u00e8re ou un infirmier qui aime travailler au sein de la communaut\u00e9 avec les personnes \u00e2g\u00e9es ? Notre \u00e9quipe d'infirmi\u00e8res est hautement responsable, professionnelle et capable de r\u00e9fl\u00e9chir de fa\u00e7on autonome. Ils sont \u00e9galement compatissants et attentionn\u00e9s et s'efforcent d'offrir les meilleurs soins \u00e0 domicile possibles. Si vous voulez vous joindre \u00e0 notre \u00e9quipe, veuillez envoyer votre r\u00e9sum\u00e9 par courriel \u00e0 <a href=\"mailto:info@freiheit.ca\">info@freiheit.ca<\/a> accompagn\u00e9 d'une lettre de pr\u00e9sentation d\u00e9crivant vos forces et votre exp\u00e9rience. <\/p>\t\t\t\t\t\t\t\t<\/div>\n\t\t\t\t<\/div>\n\t\t\t\t\t<\/div>\n\t\t<\/div>\n\t\t\t\t\t<\/div>\n\t\t<\/section>\n\t\t\t\t<\/div>","protected":false},"excerpt":{"rendered":"<p>Work With Us Contact us WORK WITH US We are always on the look out for experienced, compassionate caregivers to join our team. We are dedicated to giving customers the quality home care they deserve. We offer high-quality home care services to our customers, so if you want to give the best care possible then&hellip;&nbsp;<a href=\"https:\/\/freiheit.ca\/fr\/careers\/\" rel=\"bookmark\">Lire la suite &raquo;<span class=\"screen-reader-text\">Carri\u00e8res<\/span><\/a><\/p>","protected":false},"author":1,"featured_media":0,"parent":0,"menu_order":0,"comment_status":"closed","ping_status":"closed","template":"","meta":{"neve_meta_sidebar":"full-width","neve_meta_container":"","neve_meta_enable_content_width":"on","neve_meta_content_width":100,"neve_meta_title_alignment":"","neve_meta_author_avatar":"","neve_post_elements_order":"","neve_meta_disable_header":"","neve_meta_disable_footer":"","neve_meta_disable_title":"","two_page_speed":[],"footnotes":""},"class_list":["post-2575","page","type-page","status-publish","hentry"],"yoast_head":"<!-- This site is optimized with the Yoast SEO plugin v27.3 - https:\/\/yoast.com\/product\/yoast-seo-wordpress\/ -->\n<title>Careers - Freiheit Care<\/title>\n<meta name=\"description\" content=\"Are you an outstanding PSW or caregiver who loves working with seniors? If you love giving the best care you would enjoy a career with us.\" \/>\n<meta name=\"robots\" content=\"index, follow, max-snippet:-1, max-image-preview:large, max-video-preview:-1\" \/>\n<link rel=\"canonical\" href=\"https:\/\/freiheit.ca\/fr\/careers\/\" \/>\n<meta property=\"og:locale\" content=\"fr_CA\" \/>\n<meta property=\"og:type\" content=\"article\" \/>\n<meta property=\"og:title\" content=\"Careers - Freiheit Care\" \/>\n<meta property=\"og:description\" content=\"Are you an outstanding PSW or caregiver who loves working with seniors? If you love giving the best care you would enjoy a career with us.\" \/>\n<meta property=\"og:url\" content=\"https:\/\/freiheit.ca\/fr\/careers\/\" \/>\n<meta property=\"og:site_name\" content=\"Freiheit Care\" \/>\n<meta property=\"article:publisher\" content=\"https:\/\/www.facebook.com\/FreiheitCare\" \/>\n<meta property=\"article:modified_time\" content=\"2025-11-18T02:41:28+00:00\" \/>\n<meta name=\"twitter:card\" content=\"summary_large_image\" \/>\n<meta name=\"twitter:label1\" content=\"Estimation du temps de lecture\" \/>\n\t<meta name=\"twitter:data1\" content=\"2 minutes\" \/>\n<script type=\"application\/ld+json\" class=\"yoast-schema-graph\">{\"@context\":\"https:\\\/\\\/schema.org\",\"@graph\":[{\"@type\":\"WebPage\",\"@id\":\"https:\\\/\\\/freiheit.ca\\\/careers\\\/\",\"url\":\"https:\\\/\\\/freiheit.ca\\\/careers\\\/\",\"name\":\"Careers - Freiheit Care\",\"isPartOf\":{\"@id\":\"https:\\\/\\\/freiheit.ca\\\/en-ca\\\/premium-quality-home-care\\\/#website\"},\"datePublished\":\"2023-07-03T16:10:24+00:00\",\"dateModified\":\"2025-11-18T02:41:28+00:00\",\"description\":\"Are you an outstanding PSW or caregiver who loves working with seniors? If you love giving the best care you would enjoy a career with us.\",\"breadcrumb\":{\"@id\":\"https:\\\/\\\/freiheit.ca\\\/careers\\\/#breadcrumb\"},\"inLanguage\":\"fr-CA\",\"potentialAction\":[{\"@type\":\"ReadAction\",\"target\":[\"https:\\\/\\\/freiheit.ca\\\/careers\\\/\"]}]},{\"@type\":\"BreadcrumbList\",\"@id\":\"https:\\\/\\\/freiheit.ca\\\/careers\\\/#breadcrumb\",\"itemListElement\":[{\"@type\":\"ListItem\",\"position\":1,\"name\":\"Home\",\"item\":\"https:\\\/\\\/freiheit.ca\\\/\"},{\"@type\":\"ListItem\",\"position\":2,\"name\":\"Careers\"}]},{\"@type\":\"WebSite\",\"@id\":\"https:\\\/\\\/freiheit.ca\\\/en-ca\\\/premium-quality-home-care\\\/#website\",\"url\":\"https:\\\/\\\/freiheit.ca\\\/en-ca\\\/premium-quality-home-care\\\/\",\"name\":\"Freiheit Care\",\"description\":\"Premium Quality Home Care\",\"publisher\":{\"@id\":\"https:\\\/\\\/freiheit.ca\\\/en-ca\\\/premium-quality-home-care\\\/#organization\"},\"potentialAction\":[{\"@type\":\"SearchAction\",\"target\":{\"@type\":\"EntryPoint\",\"urlTemplate\":\"https:\\\/\\\/freiheit.ca\\\/en-ca\\\/premium-quality-home-care\\\/?s={search_term_string}\"},\"query-input\":{\"@type\":\"PropertyValueSpecification\",\"valueRequired\":true,\"valueName\":\"search_term_string\"}}],\"inLanguage\":\"fr-CA\"},{\"@type\":\"Organization\",\"@id\":\"https:\\\/\\\/freiheit.ca\\\/en-ca\\\/premium-quality-home-care\\\/#organization\",\"name\":\"Freiheit Care\",\"url\":\"https:\\\/\\\/freiheit.ca\\\/en-ca\\\/premium-quality-home-care\\\/\",\"logo\":{\"@type\":\"ImageObject\",\"inLanguage\":\"fr-CA\",\"@id\":\"https:\\\/\\\/freiheit.ca\\\/en-ca\\\/premium-quality-home-care\\\/#\\\/schema\\\/logo\\\/image\\\/\",\"url\":\"https:\\\/\\\/freiheit.ca\\\/wp-content\\\/uploads\\\/2020\\\/05\\\/500wideLogo.png\",\"contentUrl\":\"https:\\\/\\\/freiheit.ca\\\/wp-content\\\/uploads\\\/2020\\\/05\\\/500wideLogo.png\",\"width\":410,\"height\":158,\"caption\":\"Freiheit Care\"},\"image\":{\"@id\":\"https:\\\/\\\/freiheit.ca\\\/en-ca\\\/premium-quality-home-care\\\/#\\\/schema\\\/logo\\\/image\\\/\"},\"sameAs\":[\"https:\\\/\\\/www.facebook.com\\\/FreiheitCare\"]}]}<\/script>\n<!-- \/ Yoast SEO plugin. -->","yoast_head_json":{"title":"Careers - Freiheit Care","description":"Are you an outstanding PSW or caregiver who loves working with seniors? If you love giving the best care you would enjoy a career with us.","robots":{"index":"index","follow":"follow","max-snippet":"max-snippet:-1","max-image-preview":"max-image-preview:large","max-video-preview":"max-video-preview:-1"},"canonical":"https:\/\/freiheit.ca\/fr\/careers\/","og_locale":"fr_CA","og_type":"article","og_title":"Careers - Freiheit Care","og_description":"Are you an outstanding PSW or caregiver who loves working with seniors? If you love giving the best care you would enjoy a career with us.","og_url":"https:\/\/freiheit.ca\/fr\/careers\/","og_site_name":"Freiheit Care","article_publisher":"https:\/\/www.facebook.com\/FreiheitCare","article_modified_time":"2025-11-18T02:41:28+00:00","twitter_card":"summary_large_image","twitter_misc":{"Estimation du temps de lecture":"2 minutes"},"schema":{"@context":"https:\/\/schema.org","@graph":[{"@type":"WebPage","@id":"https:\/\/freiheit.ca\/careers\/","url":"https:\/\/freiheit.ca\/careers\/","name":"Careers - Freiheit Care","isPartOf":{"@id":"https:\/\/freiheit.ca\/en-ca\/premium-quality-home-care\/#website"},"datePublished":"2023-07-03T16:10:24+00:00","dateModified":"2025-11-18T02:41:28+00:00","description":"Are you an outstanding PSW or caregiver who loves working with seniors? If you love giving the best care you would enjoy a career with us.","breadcrumb":{"@id":"https:\/\/freiheit.ca\/careers\/#breadcrumb"},"inLanguage":"fr-CA","potentialAction":[{"@type":"ReadAction","target":["https:\/\/freiheit.ca\/careers\/"]}]},{"@type":"BreadcrumbList","@id":"https:\/\/freiheit.ca\/careers\/#breadcrumb","itemListElement":[{"@type":"ListItem","position":1,"name":"Home","item":"https:\/\/freiheit.ca\/"},{"@type":"ListItem","position":2,"name":"Careers"}]},{"@type":"WebSite","@id":"https:\/\/freiheit.ca\/en-ca\/premium-quality-home-care\/#website","url":"https:\/\/freiheit.ca\/en-ca\/premium-quality-home-care\/","name":"Freiheit Care","description":"Soins de qualit\u00e9 \u00e0 domicile","publisher":{"@id":"https:\/\/freiheit.ca\/en-ca\/premium-quality-home-care\/#organization"},"potentialAction":[{"@type":"SearchAction","target":{"@type":"EntryPoint","urlTemplate":"https:\/\/freiheit.ca\/en-ca\/premium-quality-home-care\/?s={search_term_string}"},"query-input":{"@type":"PropertyValueSpecification","valueRequired":true,"valueName":"search_term_string"}}],"inLanguage":"fr-CA"},{"@type":"Organization","@id":"https:\/\/freiheit.ca\/en-ca\/premium-quality-home-care\/#organization","name":"Freiheit Care","url":"https:\/\/freiheit.ca\/en-ca\/premium-quality-home-care\/","logo":{"@type":"ImageObject","inLanguage":"fr-CA","@id":"https:\/\/freiheit.ca\/en-ca\/premium-quality-home-care\/#\/schema\/logo\/image\/","url":"https:\/\/freiheit.ca\/wp-content\/uploads\/2020\/05\/500wideLogo.png","contentUrl":"https:\/\/freiheit.ca\/wp-content\/uploads\/2020\/05\/500wideLogo.png","width":410,"height":158,"caption":"Freiheit Care"},"image":{"@id":"https:\/\/freiheit.ca\/en-ca\/premium-quality-home-care\/#\/schema\/logo\/image\/"},"sameAs":["https:\/\/www.facebook.com\/FreiheitCare"]}]}},"_links":{"self":[{"href":"https:\/\/freiheit.ca\/fr\/wp-json\/wp\/v2\/pages\/2575","targetHints":{"allow":["GET"]}}],"collection":[{"href":"https:\/\/freiheit.ca\/fr\/wp-json\/wp\/v2\/pages"}],"about":[{"href":"https:\/\/freiheit.ca\/fr\/wp-json\/wp\/v2\/types\/page"}],"author":[{"embeddable":true,"href":"https:\/\/freiheit.ca\/fr\/wp-json\/wp\/v2\/users\/1"}],"replies":[{"embeddable":true,"href":"https:\/\/freiheit.ca\/fr\/wp-json\/wp\/v2\/comments?post=2575"}],"version-history":[{"count":28,"href":"https:\/\/freiheit.ca\/fr\/wp-json\/wp\/v2\/pages\/2575\/revisions"}],"predecessor-version":[{"id":4019,"href":"https:\/\/freiheit.ca\/fr\/wp-json\/wp\/v2\/pages\/2575\/revisions\/4019"}],"wp:attachment":[{"href":"https:\/\/freiheit.ca\/fr\/wp-json\/wp\/v2\/media?parent=2575"}],"curies":[{"name":"wp","href":"https:\/\/api.w.org\/{rel}","templated":true}]}}