{"id":2414,"date":"2023-06-12T14:15:02","date_gmt":"2023-06-12T18:15:02","guid":{"rendered":"https:\/\/freiheit.ca\/?page_id=2414"},"modified":"2024-12-02T15:51:42","modified_gmt":"2024-12-02T20:51:42","slug":"confirmation-assessment","status":"publish","type":"page","link":"https:\/\/freiheit.ca\/fr\/confirmation-assessment\/","title":{"rendered":"Confirmation &#8211; Assessment"},"content":{"rendered":"<div data-elementor-type=\"wp-page\" data-elementor-id=\"2414\" class=\"elementor elementor-2414\" data-elementor-post-type=\"page\">\n\t\t\t\t\t\t<section class=\"elementor-section elementor-top-section elementor-element elementor-element-8995ad7 elementor-section-boxed elementor-section-height-default elementor-section-height-default\" data-id=\"8995ad7\" data-element_type=\"section\" data-e-type=\"section\">\n\t\t\t\t\t\t<div class=\"elementor-container elementor-column-gap-default\">\n\t\t\t\t\t<div class=\"elementor-column elementor-col-100 elementor-top-column elementor-element elementor-element-0c12c4f\" data-id=\"0c12c4f\" data-element_type=\"column\" data-e-type=\"column\">\n\t\t\t<div class=\"elementor-widget-wrap elementor-element-populated\">\n\t\t\t\t\t\t<div class=\"elementor-element elementor-element-353f7bf elementor-widget__width-initial elementor-widget elementor-widget-text-editor\" data-id=\"353f7bf\" data-element_type=\"widget\" data-e-type=\"widget\" data-widget_type=\"text-editor.default\">\n\t\t\t\t<div class=\"elementor-widget-container\">\n\t\t\t\t\t\t\t\t\t<div><div role=\"main\"><article><div><header><h1>Nous vous remercions de votre demande d'\u00e9valuation gratuite.<\/h1><\/header><div><p>Nous vous contacterons bient\u00f4t pour prendre rendez-vous pour votre \u00e9valuation. Vous pouvez toujours nous contacter directement \u00e0 <a href=\"mailto:info@freiheit.ca\">info@freiheit.ca<\/a> ou <a href=\"tel:+16135188258\">613-518-8258<\/a><\/p><p>En attendant, vous pouvez en savoir plus sur nous <a href=\"https:\/\/freiheit.ca\/fr\/en-ca\/about-us\/\">ici<\/a>.<\/p><\/div><\/div><\/article><\/div><\/div>\t\t\t\t\t\t\t\t<\/div>\n\t\t\t\t<\/div>\n\t\t\t\t\t<\/div>\n\t\t<\/div>\n\t\t\t\t\t<\/div>\n\t\t<\/section>\n\t\t\t\t<\/div>","protected":false},"excerpt":{"rendered":"<p>Thank you for inquiring about a free assessment. We will be in touch soon to book your assessment. You can always reach out to us directly at info@freiheit.ca or 613-518-8258 In the meantime you can find out more about us here.<\/p>","protected":false},"author":1,"featured_media":0,"parent":0,"menu_order":0,"comment_status":"closed","ping_status":"closed","template":"elementor_header_footer","meta":{"neve_meta_sidebar":"full-width","neve_meta_container":"","neve_meta_enable_content_width":"on","neve_meta_content_width":100,"neve_meta_title_alignment":"","neve_meta_author_avatar":"","neve_post_elements_order":"","neve_meta_disable_header":"","neve_meta_disable_footer":"","neve_meta_disable_title":"","two_page_speed":[],"footnotes":""},"class_list":["post-2414","page","type-page","status-publish","hentry"],"yoast_head":"<!-- This site is optimized with the Yoast SEO plugin v27.3 - https:\/\/yoast.com\/product\/yoast-seo-wordpress\/ -->\n<title>Confirmation - Assessment - Freiheit Care<\/title>\n<meta name=\"robots\" content=\"index, follow, max-snippet:-1, max-image-preview:large, max-video-preview:-1\" \/>\n<link rel=\"canonical\" href=\"https:\/\/freiheit.ca\/fr\/en-ca\/confirmation-assessment\/\" \/>\n<meta property=\"og:locale\" content=\"fr_CA\" \/>\n<meta property=\"og:type\" content=\"article\" \/>\n<meta property=\"og:title\" content=\"Confirmation - Assessment - Freiheit Care\" \/>\n<meta property=\"og:description\" content=\"Thank you for inquiring about a free assessment. We will be in touch soon to book your assessment. You can always reach out to us directly at info@freiheit.ca or 613-518-8258 In the meantime you can find out more about us here.\" \/>\n<meta property=\"og:url\" content=\"https:\/\/freiheit.ca\/fr\/en-ca\/confirmation-assessment\/\" \/>\n<meta property=\"og:site_name\" content=\"Freiheit Care\" \/>\n<meta property=\"article:publisher\" content=\"https:\/\/www.facebook.com\/FreiheitCare\" \/>\n<meta property=\"article:modified_time\" content=\"2024-12-02T20:51:42+00:00\" \/>\n<meta name=\"twitter:card\" content=\"summary_large_image\" \/>\n<script type=\"application\/ld+json\" class=\"yoast-schema-graph\">{\"@context\":\"https:\\\/\\\/schema.org\",\"@graph\":[{\"@type\":\"WebPage\",\"@id\":\"https:\\\/\\\/freiheit.ca\\\/en-ca\\\/confirmation-assessment\\\/\",\"url\":\"https:\\\/\\\/freiheit.ca\\\/en-ca\\\/confirmation-assessment\\\/\",\"name\":\"Confirmation - Assessment - Freiheit Care\",\"isPartOf\":{\"@id\":\"https:\\\/\\\/freiheit.ca\\\/en-ca\\\/premium-quality-home-care\\\/#website\"},\"datePublished\":\"2023-06-12T18:15:02+00:00\",\"dateModified\":\"2024-12-02T20:51:42+00:00\",\"breadcrumb\":{\"@id\":\"https:\\\/\\\/freiheit.ca\\\/en-ca\\\/confirmation-assessment\\\/#breadcrumb\"},\"inLanguage\":\"fr-CA\",\"potentialAction\":[{\"@type\":\"ReadAction\",\"target\":[\"https:\\\/\\\/freiheit.ca\\\/en-ca\\\/confirmation-assessment\\\/\"]}]},{\"@type\":\"BreadcrumbList\",\"@id\":\"https:\\\/\\\/freiheit.ca\\\/en-ca\\\/confirmation-assessment\\\/#breadcrumb\",\"itemListElement\":[{\"@type\":\"ListItem\",\"position\":1,\"name\":\"Home\",\"item\":\"https:\\\/\\\/freiheit.ca\\\/\"},{\"@type\":\"ListItem\",\"position\":2,\"name\":\"Confirmation &#8211; Assessment\"}]},{\"@type\":\"WebSite\",\"@id\":\"https:\\\/\\\/freiheit.ca\\\/en-ca\\\/premium-quality-home-care\\\/#website\",\"url\":\"https:\\\/\\\/freiheit.ca\\\/en-ca\\\/premium-quality-home-care\\\/\",\"name\":\"Freiheit Care\",\"description\":\"Premium Quality Home Care\",\"publisher\":{\"@id\":\"https:\\\/\\\/freiheit.ca\\\/en-ca\\\/premium-quality-home-care\\\/#organization\"},\"potentialAction\":[{\"@type\":\"SearchAction\",\"target\":{\"@type\":\"EntryPoint\",\"urlTemplate\":\"https:\\\/\\\/freiheit.ca\\\/en-ca\\\/premium-quality-home-care\\\/?s={search_term_string}\"},\"query-input\":{\"@type\":\"PropertyValueSpecification\",\"valueRequired\":true,\"valueName\":\"search_term_string\"}}],\"inLanguage\":\"fr-CA\"},{\"@type\":\"Organization\",\"@id\":\"https:\\\/\\\/freiheit.ca\\\/en-ca\\\/premium-quality-home-care\\\/#organization\",\"name\":\"Freiheit Care\",\"url\":\"https:\\\/\\\/freiheit.ca\\\/en-ca\\\/premium-quality-home-care\\\/\",\"logo\":{\"@type\":\"ImageObject\",\"inLanguage\":\"fr-CA\",\"@id\":\"https:\\\/\\\/freiheit.ca\\\/en-ca\\\/premium-quality-home-care\\\/#\\\/schema\\\/logo\\\/image\\\/\",\"url\":\"https:\\\/\\\/freiheit.ca\\\/wp-content\\\/uploads\\\/2020\\\/05\\\/500wideLogo.png\",\"contentUrl\":\"https:\\\/\\\/freiheit.ca\\\/wp-content\\\/uploads\\\/2020\\\/05\\\/500wideLogo.png\",\"width\":410,\"height\":158,\"caption\":\"Freiheit Care\"},\"image\":{\"@id\":\"https:\\\/\\\/freiheit.ca\\\/en-ca\\\/premium-quality-home-care\\\/#\\\/schema\\\/logo\\\/image\\\/\"},\"sameAs\":[\"https:\\\/\\\/www.facebook.com\\\/FreiheitCare\"]}]}<\/script>\n<!-- \/ Yoast SEO plugin. -->","yoast_head_json":{"title":"Confirmation - Assessment - Freiheit Care","robots":{"index":"index","follow":"follow","max-snippet":"max-snippet:-1","max-image-preview":"max-image-preview:large","max-video-preview":"max-video-preview:-1"},"canonical":"https:\/\/freiheit.ca\/fr\/en-ca\/confirmation-assessment\/","og_locale":"fr_CA","og_type":"article","og_title":"Confirmation - Assessment - Freiheit Care","og_description":"Thank you for inquiring about a free assessment. We will be in touch soon to book your assessment. You can always reach out to us directly at info@freiheit.ca or 613-518-8258 In the meantime you can find out more about us here.","og_url":"https:\/\/freiheit.ca\/fr\/en-ca\/confirmation-assessment\/","og_site_name":"Freiheit Care","article_publisher":"https:\/\/www.facebook.com\/FreiheitCare","article_modified_time":"2024-12-02T20:51:42+00:00","twitter_card":"summary_large_image","schema":{"@context":"https:\/\/schema.org","@graph":[{"@type":"WebPage","@id":"https:\/\/freiheit.ca\/en-ca\/confirmation-assessment\/","url":"https:\/\/freiheit.ca\/en-ca\/confirmation-assessment\/","name":"Confirmation - Assessment - Freiheit Care","isPartOf":{"@id":"https:\/\/freiheit.ca\/en-ca\/premium-quality-home-care\/#website"},"datePublished":"2023-06-12T18:15:02+00:00","dateModified":"2024-12-02T20:51:42+00:00","breadcrumb":{"@id":"https:\/\/freiheit.ca\/en-ca\/confirmation-assessment\/#breadcrumb"},"inLanguage":"fr-CA","potentialAction":[{"@type":"ReadAction","target":["https:\/\/freiheit.ca\/en-ca\/confirmation-assessment\/"]}]},{"@type":"BreadcrumbList","@id":"https:\/\/freiheit.ca\/en-ca\/confirmation-assessment\/#breadcrumb","itemListElement":[{"@type":"ListItem","position":1,"name":"Home","item":"https:\/\/freiheit.ca\/"},{"@type":"ListItem","position":2,"name":"Confirmation &#8211; Assessment"}]},{"@type":"WebSite","@id":"https:\/\/freiheit.ca\/en-ca\/premium-quality-home-care\/#website","url":"https:\/\/freiheit.ca\/en-ca\/premium-quality-home-care\/","name":"Freiheit Care","description":"Soins de qualit\u00e9 \u00e0 domicile","publisher":{"@id":"https:\/\/freiheit.ca\/en-ca\/premium-quality-home-care\/#organization"},"potentialAction":[{"@type":"SearchAction","target":{"@type":"EntryPoint","urlTemplate":"https:\/\/freiheit.ca\/en-ca\/premium-quality-home-care\/?s={search_term_string}"},"query-input":{"@type":"PropertyValueSpecification","valueRequired":true,"valueName":"search_term_string"}}],"inLanguage":"fr-CA"},{"@type":"Organization","@id":"https:\/\/freiheit.ca\/en-ca\/premium-quality-home-care\/#organization","name":"Freiheit Care","url":"https:\/\/freiheit.ca\/en-ca\/premium-quality-home-care\/","logo":{"@type":"ImageObject","inLanguage":"fr-CA","@id":"https:\/\/freiheit.ca\/en-ca\/premium-quality-home-care\/#\/schema\/logo\/image\/","url":"https:\/\/freiheit.ca\/wp-content\/uploads\/2020\/05\/500wideLogo.png","contentUrl":"https:\/\/freiheit.ca\/wp-content\/uploads\/2020\/05\/500wideLogo.png","width":410,"height":158,"caption":"Freiheit Care"},"image":{"@id":"https:\/\/freiheit.ca\/en-ca\/premium-quality-home-care\/#\/schema\/logo\/image\/"},"sameAs":["https:\/\/www.facebook.com\/FreiheitCare"]}]}},"_links":{"self":[{"href":"https:\/\/freiheit.ca\/fr\/wp-json\/wp\/v2\/pages\/2414","targetHints":{"allow":["GET"]}}],"collection":[{"href":"https:\/\/freiheit.ca\/fr\/wp-json\/wp\/v2\/pages"}],"about":[{"href":"https:\/\/freiheit.ca\/fr\/wp-json\/wp\/v2\/types\/page"}],"author":[{"embeddable":true,"href":"https:\/\/freiheit.ca\/fr\/wp-json\/wp\/v2\/users\/1"}],"replies":[{"embeddable":true,"href":"https:\/\/freiheit.ca\/fr\/wp-json\/wp\/v2\/comments?post=2414"}],"version-history":[{"count":7,"href":"https:\/\/freiheit.ca\/fr\/wp-json\/wp\/v2\/pages\/2414\/revisions"}],"predecessor-version":[{"id":2988,"href":"https:\/\/freiheit.ca\/fr\/wp-json\/wp\/v2\/pages\/2414\/revisions\/2988"}],"wp:attachment":[{"href":"https:\/\/freiheit.ca\/fr\/wp-json\/wp\/v2\/media?parent=2414"}],"curies":[{"name":"wp","href":"https:\/\/api.w.org\/{rel}","templated":true}]}}