{"id":2407,"date":"2023-06-12T14:01:34","date_gmt":"2023-06-12T18:01:34","guid":{"rendered":"https:\/\/freiheit.ca\/?page_id=2407"},"modified":"2025-03-31T17:44:00","modified_gmt":"2025-03-31T21:44:00","slug":"free-assessment","status":"publish","type":"page","link":"https:\/\/freiheit.ca\/fr\/free-assessment\/","title":{"rendered":"\u00c9valuation gratuite"},"content":{"rendered":"\t\t<div data-elementor-type=\"wp-page\" data-elementor-id=\"2407\" class=\"elementor elementor-2407\" data-elementor-post-type=\"page\">\n\t\t\t\t\t\t<section class=\"elementor-section elementor-top-section elementor-element elementor-element-1049070 elementor-section-full_width elementor-section-height-default elementor-section-height-default\" data-id=\"1049070\" data-element_type=\"section\" data-e-type=\"section\" data-settings=\"{&quot;background_background&quot;:&quot;classic&quot;}\">\n\t\t\t\t\t\t<div class=\"elementor-container elementor-column-gap-default\">\n\t\t\t\t\t<div class=\"elementor-column elementor-col-100 elementor-top-column elementor-element elementor-element-de5652a\" data-id=\"de5652a\" data-element_type=\"column\" data-e-type=\"column\">\n\t\t\t<div class=\"elementor-widget-wrap\">\n\t\t\t\t\t\t\t<\/div>\n\t\t<\/div>\n\t\t\t\t\t<\/div>\n\t\t<\/section>\n\t\t\t\t<section class=\"elementor-section elementor-top-section elementor-element elementor-element-62bd2ad6 elementor-section-full_width elementor-section-height-default elementor-section-height-default\" data-id=\"62bd2ad6\" data-element_type=\"section\" data-e-type=\"section\" data-settings=\"{&quot;background_background&quot;:&quot;classic&quot;,&quot;shape_divider_bottom_negative&quot;:&quot;yes&quot;,&quot;shape_divider_bottom&quot;:&quot;curve&quot;}\">\n\t\t\t\t\t\t\t<div class=\"elementor-background-overlay\"><\/div>\n\t\t\t\t\t\t<div class=\"elementor-shape elementor-shape-bottom\" aria-hidden=\"true\" data-negative=\"true\">\n\t\t\t<svg xmlns=\"http:\/\/www.w3.org\/2000\/svg\" viewBox=\"0 0 1000 100\" preserveAspectRatio=\"none\">\n\t<path class=\"elementor-shape-fill\" d=\"M500,97C126.7,96.3,0.8,19.8,0,0v100l1000,0V1C1000,19.4,873.3,97.8,500,97z\"\/>\n<\/svg>\t\t<\/div>\n\t\t\t\t\t<div class=\"elementor-container elementor-column-gap-no\">\n\t\t\t\t\t<div class=\"elementor-column elementor-col-100 elementor-top-column elementor-element elementor-element-6c4e19fa\" data-id=\"6c4e19fa\" data-element_type=\"column\" data-e-type=\"column\" data-settings=\"{&quot;background_background&quot;:&quot;classic&quot;}\">\n\t\t\t<div class=\"elementor-widget-wrap elementor-element-populated\">\n\t\t\t\t\t\t<section class=\"elementor-section elementor-inner-section elementor-element elementor-element-19643fb elementor-section-boxed elementor-section-height-default elementor-section-height-default\" data-id=\"19643fb\" data-element_type=\"section\" data-e-type=\"section\">\n\t\t\t\t\t\t<div class=\"elementor-container elementor-column-gap-default\">\n\t\t\t\t\t<div class=\"elementor-column elementor-col-100 elementor-inner-column elementor-element elementor-element-5984fc4a\" data-id=\"5984fc4a\" data-element_type=\"column\" data-e-type=\"column\" data-settings=\"{&quot;background_background&quot;:&quot;classic&quot;}\">\n\t\t\t<div class=\"elementor-widget-wrap elementor-element-populated\">\n\t\t\t\t\t\t<div class=\"elementor-element elementor-element-2168ad3d elementor-invisible elementor-widget elementor-widget-heading\" data-id=\"2168ad3d\" data-element_type=\"widget\" data-e-type=\"widget\" data-settings=\"{&quot;_animation&quot;:&quot;zoomIn&quot;}\" data-widget_type=\"heading.default\">\n\t\t\t\t<div class=\"elementor-widget-container\">\n\t\t\t\t\t<h1 class=\"elementor-heading-title elementor-size-default\">Free Assessment<\/h1>\t\t\t\t<\/div>\n\t\t\t\t<\/div>\n\t\t\t\t<div class=\"elementor-element elementor-element-e7dd806 elementor-widget elementor-widget-spacer\" data-id=\"e7dd806\" data-element_type=\"widget\" data-e-type=\"widget\" data-widget_type=\"spacer.default\">\n\t\t\t\t<div class=\"elementor-widget-container\">\n\t\t\t\t\t\t\t<div class=\"elementor-spacer\">\n\t\t\t<div class=\"elementor-spacer-inner\"><\/div>\n\t\t<\/div>\n\t\t\t\t\t\t<\/div>\n\t\t\t\t<\/div>\n\t\t\t\t\t<\/div>\n\t\t<\/div>\n\t\t\t\t\t<\/div>\n\t\t<\/section>\n\t\t\t\t\t<\/div>\n\t\t<\/div>\n\t\t\t\t\t<\/div>\n\t\t<\/section>\n\t\t\t\t<section class=\"elementor-section elementor-top-section elementor-element elementor-element-792bf57 elementor-section-boxed elementor-section-height-default elementor-section-height-default\" data-id=\"792bf57\" data-element_type=\"section\" data-e-type=\"section\">\n\t\t\t\t\t\t<div class=\"elementor-container elementor-column-gap-default\">\n\t\t\t\t\t<div class=\"elementor-column elementor-col-100 elementor-top-column elementor-element elementor-element-f07f674\" data-id=\"f07f674\" data-element_type=\"column\" data-e-type=\"column\">\n\t\t\t<div class=\"elementor-widget-wrap elementor-element-populated\">\n\t\t\t\t\t\t<div class=\"elementor-element elementor-element-ab90262 elementor-widget elementor-widget-text-editor\" data-id=\"ab90262\" data-element_type=\"widget\" data-e-type=\"widget\" data-widget_type=\"text-editor.default\">\n\t\t\t\t<div class=\"elementor-widget-container\">\n\t\t\t\t\t\t\t\t\t<p>Every client at Freiheit Care receives a tailored care plan as we understand that everyone\u2019s needs are unique. Contact us today so we can get to know you more during a free assessment.<\/p><p>Don&#8217;t worry if you don&#8217;t know what <a href=\"https:\/\/freiheit.ca\/home-care-services\/\">services<\/a> you need at this point &#8211; we can discuss this on the call!<\/p>\t\t\t\t\t\t\t\t<\/div>\n\t\t\t\t<\/div>\n\t\t\t\t<div class=\"elementor-element elementor-element-fe50983 elementor-widget elementor-widget-heading\" data-id=\"fe50983\" data-element_type=\"widget\" data-e-type=\"widget\" data-widget_type=\"heading.default\">\n\t\t\t\t<div class=\"elementor-widget-container\">\n\t\t\t\t\t<h2 class=\"elementor-heading-title elementor-size-default\">BOOK YOUR FREE SENIOR HOMECARE ASSESSMENT<\/h2>\t\t\t\t<\/div>\n\t\t\t\t<\/div>\n\t\t\t\t<div class=\"elementor-element elementor-element-23ee2b2 elementor-widget elementor-widget-text-editor\" data-id=\"23ee2b2\" data-element_type=\"widget\" data-e-type=\"widget\" data-widget_type=\"text-editor.default\">\n\t\t\t\t<div class=\"elementor-widget-container\">\n\t\t\t\t\t\t\t\t\t<p>Please give us a few details so we can provide a free, no obligation assessment.<\/p>\t\t\t\t\t\t\t\t<\/div>\n\t\t\t\t<\/div>\n\t\t\t\t<div class=\"elementor-element elementor-element-ff56850 elementor-button-align-stretch elementor-widget elementor-widget-form\" data-id=\"ff56850\" data-element_type=\"widget\" data-e-type=\"widget\" data-settings=\"{&quot;button_width&quot;:&quot;20&quot;,&quot;step_next_label&quot;:&quot;Next&quot;,&quot;step_previous_label&quot;:&quot;Previous&quot;,&quot;step_type&quot;:&quot;number_text&quot;,&quot;step_icon_shape&quot;:&quot;circle&quot;}\" data-widget_type=\"form.default\">\n\t\t\t\t<div class=\"elementor-widget-container\">\n\t\t\t\t\t\t\t<form class=\"elementor-form\" method=\"post\" name=\"Free Assessment Form\" aria-label=\"Free Assessment Form\">\n\t\t\t<input type=\"hidden\" name=\"post_id\" value=\"2407\"\/>\n\t\t\t<input type=\"hidden\" name=\"form_id\" value=\"ff56850\"\/>\n\t\t\t<input type=\"hidden\" name=\"referer_title\" value=\"Free Assessment - Freiheit Care\" \/>\n\n\t\t\t\t\t\t\t<input type=\"hidden\" name=\"queried_id\" value=\"2407\"\/>\n\t\t\t\n\t\t\t<div class=\"elementor-form-fields-wrapper elementor-labels-above\">\n\t\t\t\t\t\t\t\t<div class=\"elementor-field-type-text elementor-field-group elementor-column elementor-field-group-name elementor-col-100\">\n\t\t\t\t\t\t\t\t\t\t\t\t<label for=\"form-field-name\" class=\"elementor-field-label\">\n\t\t\t\t\t\t\t\tYour Name\t\t\t\t\t\t\t<\/label>\n\t\t\t\t\t\t\t\t\t\t\t\t\t\t<input size=\"1\" type=\"text\" name=\"form_fields[name]\" id=\"form-field-name\" class=\"elementor-field elementor-size-sm  elementor-field-textual\" placeholder=\"Name\">\n\t\t\t\t\t\t\t\t\t\t\t<\/div>\n\t\t\t\t\t\t\t\t<div class=\"elementor-field-type-email elementor-field-group elementor-column elementor-field-group-email elementor-col-100 elementor-field-required\">\n\t\t\t\t\t\t\t\t\t\t\t\t<label for=\"form-field-email\" class=\"elementor-field-label\">\n\t\t\t\t\t\t\t\tYour Email\t\t\t\t\t\t\t<\/label>\n\t\t\t\t\t\t\t\t\t\t\t\t\t\t<input size=\"1\" type=\"email\" name=\"form_fields[email]\" id=\"form-field-email\" class=\"elementor-field elementor-size-sm  elementor-field-textual\" placeholder=\"Email\" required=\"required\">\n\t\t\t\t\t\t\t\t\t\t\t<\/div>\n\t\t\t\t\t\t\t\t<div class=\"elementor-field-type-tel elementor-field-group elementor-column elementor-field-group-Phone elementor-col-100\">\n\t\t\t\t\t\t\t\t\t\t\t\t<label for=\"form-field-Phone\" class=\"elementor-field-label\">\n\t\t\t\t\t\t\t\tYour Phone Number\t\t\t\t\t\t\t<\/label>\n\t\t\t\t\t\t\t\t<input size=\"1\" type=\"tel\" name=\"form_fields[Phone]\" id=\"form-field-Phone\" class=\"elementor-field elementor-size-sm  elementor-field-textual\" placeholder=\"Phone\" pattern=\"[0-9()#&amp;+*-=.]+\" title=\"Seuls les caract\u00e8res de num\u00e9ros de t\u00e9l\u00e9phone (#, -, *, etc.) sont accept\u00e9s.\">\n\n\t\t\t\t\t\t<\/div>\n\t\t\t\t\t\t\t\t<div class=\"elementor-field-type-checkbox elementor-field-group elementor-column elementor-field-group-field_c87b534 elementor-col-100\">\n\t\t\t\t\t\t\t\t\t\t\t\t<label for=\"form-field-field_c87b534\" class=\"elementor-field-label\">\n\t\t\t\t\t\t\t\tWhat Services Do You Require?\t\t\t\t\t\t\t<\/label>\n\t\t\t\t\t\t<div class=\"elementor-field-subgroup  \"><span class=\"elementor-field-option\"><input type=\"checkbox\" value=\"Companionship\" id=\"form-field-field_c87b534-0\" name=\"form_fields[field_c87b534][]\"> <label for=\"form-field-field_c87b534-0\">Companionship<\/label><\/span><span class=\"elementor-field-option\"><input type=\"checkbox\" value=\"Personal Care\" id=\"form-field-field_c87b534-1\" name=\"form_fields[field_c87b534][]\"> <label for=\"form-field-field_c87b534-1\">Personal Care<\/label><\/span><span class=\"elementor-field-option\"><input type=\"checkbox\" value=\"Nursing Care\" id=\"form-field-field_c87b534-2\" name=\"form_fields[field_c87b534][]\"> <label for=\"form-field-field_c87b534-2\">Nursing Care<\/label><\/span><span class=\"elementor-field-option\"><input type=\"checkbox\" value=\"Help with Meals\" id=\"form-field-field_c87b534-3\" name=\"form_fields[field_c87b534][]\"> <label for=\"form-field-field_c87b534-3\">Help with Meals<\/label><\/span><span class=\"elementor-field-option\"><input type=\"checkbox\" value=\"Cleaning\" id=\"form-field-field_c87b534-4\" name=\"form_fields[field_c87b534][]\"> <label for=\"form-field-field_c87b534-4\">Cleaning<\/label><\/span><span class=\"elementor-field-option\"><input type=\"checkbox\" value=\"Other\" id=\"form-field-field_c87b534-5\" name=\"form_fields[field_c87b534][]\"> <label for=\"form-field-field_c87b534-5\">Other<\/label><\/span><\/div>\t\t\t\t<\/div>\n\t\t\t\t\t\t\t\t<div class=\"elementor-field-type-textarea elementor-field-group elementor-column elementor-field-group-message elementor-col-100\">\n\t\t\t\t\t\t\t\t\t\t\t\t<label for=\"form-field-message\" class=\"elementor-field-label\">\n\t\t\t\t\t\t\t\tYour Request\t\t\t\t\t\t\t<\/label>\n\t\t\t\t\t\t<textarea class=\"elementor-field-textual elementor-field  elementor-size-sm\" name=\"form_fields[message]\" id=\"form-field-message\" rows=\"4\" placeholder=\"The more information you can give, the more tailored our assessment.\"><\/textarea>\t\t\t\t<\/div>\n\t\t\t\t\t\t\t\t<div class=\"elementor-field-type-recaptcha_v3 elementor-field-group elementor-column elementor-field-group-field_ae34e14 elementor-col-100 recaptcha_v3-bottomright\">\n\t\t\t\t\t<div class=\"elementor-field\" id=\"form-field-field_ae34e14\"><div class=\"elementor-g-recaptcha\" data-sitekey=\"6LdNIW4nAAAAALbdiNF1e4BiSDaEJ35bG8lHDy9B\" data-type=\"v3\" data-action=\"Form\" data-badge=\"bottomright\" data-size=\"invisible\"><\/div><\/div>\t\t\t\t<\/div>\n\t\t\t\t\t\t\t\t<div class=\"elementor-field-group elementor-column elementor-field-type-submit elementor-col-20 e-form__buttons\">\n\t\t\t\t\t<button class=\"elementor-button elementor-size-sm\" type=\"submit\">\n\t\t\t\t\t\t<span class=\"elementor-button-content-wrapper\">\n\t\t\t\t\t\t\t\t\t\t\t\t\t\t\t\t\t\t\t\t\t\t<span class=\"elementor-button-text\">Send<\/span>\n\t\t\t\t\t\t\t\t\t\t\t\t\t<\/span>\n\t\t\t\t\t<\/button>\n\t\t\t\t<\/div>\n\t\t\t<\/div>\n\t\t<\/form>\n\t\t\t\t\t\t<\/div>\n\t\t\t\t<\/div>\n\t\t\t\t<div class=\"elementor-element elementor-element-7ad00c3 elementor-widget elementor-widget-text-editor\" data-id=\"7ad00c3\" data-element_type=\"widget\" data-e-type=\"widget\" data-widget_type=\"text-editor.default\">\n\t\t\t\t<div class=\"elementor-widget-container\">\n\t\t\t\t\t\t\t\t\t<p><span style=\"background-color: var(--nv-site-bg); color: var(--nv-text-color); font-family: var(--bodyfontfamily),var(--nv-fallback-ff); font-size: var(--bodyfontsize); font-weight: var(--bodyfontweight); letter-spacing: var(--bodyletterspacing); text-transform: var(--bodytexttransform);\">You can also contact us directly by phone at <\/span><a href=\"tel:+16135188258\" style=\"background-color: var(--nv-site-bg); font-family: var(--bodyfontfamily),var(--nv-fallback-ff); font-size: var(--bodyfontsize); font-weight: var(--bodyfontweight); letter-spacing: var(--bodyletterspacing); text-transform: var(--bodytexttransform);\">613-518-8258<\/a><span style=\"background-color: var(--nv-site-bg); color: var(--nv-text-color); font-family: var(--bodyfontfamily),var(--nv-fallback-ff); font-size: var(--bodyfontsize); font-weight: var(--bodyfontweight); letter-spacing: var(--bodyletterspacing); text-transform: var(--bodytexttransform);\"> or <\/span><a href=\"tel:+18558445483\" style=\"background-color: var(--nv-site-bg); font-family: var(--bodyfontfamily),var(--nv-fallback-ff); font-size: var(--bodyfontsize); font-weight: var(--bodyfontweight); letter-spacing: var(--bodyletterspacing); text-transform: var(--bodytexttransform);\">1-855-844-5483<\/a><span style=\"background-color: var(--nv-site-bg); color: var(--nv-text-color); font-family: var(--bodyfontfamily),var(--nv-fallback-ff); font-size: var(--bodyfontsize); font-weight: var(--bodyfontweight); letter-spacing: var(--bodyletterspacing); text-transform: var(--bodytexttransform);\">, or by email at <\/span><a href=\"mailto:info@freiheit.ca\" style=\"background-color: var(--nv-site-bg); font-family: var(--bodyfontfamily),var(--nv-fallback-ff); font-size: var(--bodyfontsize); font-weight: var(--bodyfontweight); letter-spacing: var(--bodyletterspacing); text-transform: var(--bodytexttransform);\">info@freiheit.ca<\/a><br><\/p>\t\t\t\t\t\t\t\t<\/div>\n\t\t\t\t<\/div>\n\t\t\t\t\t<\/div>\n\t\t<\/div>\n\t\t\t\t\t<\/div>\n\t\t<\/section>\n\t\t\t\t<\/div>\n\t\t","protected":false},"excerpt":{"rendered":"<p>Free Assessment Every client at Freiheit Care receives a tailored care plan as we understand that everyone\u2019s needs are unique. Contact us today so we can get to know you more during a free assessment. Don&#8217;t worry if you don&#8217;t know what services you need at this point &#8211; we can discuss this on the&hellip;&nbsp;<a href=\"https:\/\/freiheit.ca\/fr\/free-assessment\/\" rel=\"bookmark\">Lire la suite &raquo;<span class=\"screen-reader-text\">\u00c9valuation gratuite<\/span><\/a><\/p>","protected":false},"author":1,"featured_media":0,"parent":0,"menu_order":0,"comment_status":"closed","ping_status":"closed","template":"elementor_header_footer","meta":{"neve_meta_sidebar":"full-width","neve_meta_container":"","neve_meta_enable_content_width":"on","neve_meta_content_width":100,"neve_meta_title_alignment":"","neve_meta_author_avatar":"","neve_post_elements_order":"","neve_meta_disable_header":"","neve_meta_disable_footer":"","neve_meta_disable_title":"","two_page_speed":[],"footnotes":""},"class_list":["post-2407","page","type-page","status-publish","hentry"],"yoast_head":"<!-- This site is optimized with the Yoast SEO plugin v27.3 - https:\/\/yoast.com\/product\/yoast-seo-wordpress\/ -->\n<title>Free Assessment - Freiheit Care<\/title>\n<meta name=\"description\" content=\"Every client at Freiheit Care receives a tailored care plan, as everyone\u2019s needs are unique. Contact us today for your free assessment.\" \/>\n<meta name=\"robots\" content=\"index, follow, max-snippet:-1, max-image-preview:large, max-video-preview:-1\" \/>\n<link rel=\"canonical\" href=\"https:\/\/freiheit.ca\/fr\/free-assessment\/\" \/>\n<meta property=\"og:locale\" content=\"fr_CA\" \/>\n<meta property=\"og:type\" content=\"article\" \/>\n<meta property=\"og:title\" content=\"Free home care assessment\" \/>\n<meta property=\"og:description\" content=\"Every client at Freiheit receives a tailored care plan as we understand that everyone\u2019s needs are unique. Contact us today for your free assessment.\" \/>\n<meta property=\"og:url\" content=\"https:\/\/freiheit.ca\/fr\/free-assessment\/\" \/>\n<meta property=\"og:site_name\" content=\"Freiheit Care\" \/>\n<meta property=\"article:publisher\" content=\"https:\/\/www.facebook.com\/FreiheitCare\" \/>\n<meta property=\"article:modified_time\" content=\"2025-03-31T21:44:00+00:00\" \/>\n<meta property=\"og:image\" content=\"https:\/\/freiheit.ca\/wp-content\/uploads\/2020\/05\/500wideLogo.png\" \/>\n\t<meta property=\"og:image:width\" content=\"410\" \/>\n\t<meta property=\"og:image:height\" content=\"158\" \/>\n\t<meta property=\"og:image:type\" content=\"image\/png\" \/>\n<meta name=\"twitter:card\" content=\"summary_large_image\" \/>\n<meta name=\"twitter:title\" content=\"Free home care assessment\" \/>\n<meta name=\"twitter:description\" content=\"Every client at Freiheit receives a tailored care plan as we understand that everyone\u2019s needs are unique. Contact us today for your free assessment.\" \/>\n<meta name=\"twitter:image\" content=\"https:\/\/freiheit.ca\/wp-content\/uploads\/2025\/03\/Questions-to-ask-a-home-care-provider.png\" \/>\n<meta name=\"twitter:label1\" content=\"Estimation du temps de lecture\" \/>\n\t<meta name=\"twitter:data1\" content=\"1 minute\" \/>\n<script type=\"application\/ld+json\" class=\"yoast-schema-graph\">{\"@context\":\"https:\\\/\\\/schema.org\",\"@graph\":[{\"@type\":\"WebPage\",\"@id\":\"https:\\\/\\\/freiheit.ca\\\/free-assessment\\\/\",\"url\":\"https:\\\/\\\/freiheit.ca\\\/free-assessment\\\/\",\"name\":\"Free Assessment - Freiheit Care\",\"isPartOf\":{\"@id\":\"https:\\\/\\\/freiheit.ca\\\/en-ca\\\/premium-quality-home-care\\\/#website\"},\"datePublished\":\"2023-06-12T18:01:34+00:00\",\"dateModified\":\"2025-03-31T21:44:00+00:00\",\"description\":\"Every client at Freiheit Care receives a tailored care plan, as everyone\u2019s needs are unique. Contact us today for your free assessment.\",\"breadcrumb\":{\"@id\":\"https:\\\/\\\/freiheit.ca\\\/free-assessment\\\/#breadcrumb\"},\"inLanguage\":\"fr-CA\",\"potentialAction\":[{\"@type\":\"ReadAction\",\"target\":[\"https:\\\/\\\/freiheit.ca\\\/free-assessment\\\/\"]}]},{\"@type\":\"BreadcrumbList\",\"@id\":\"https:\\\/\\\/freiheit.ca\\\/free-assessment\\\/#breadcrumb\",\"itemListElement\":[{\"@type\":\"ListItem\",\"position\":1,\"name\":\"Home\",\"item\":\"https:\\\/\\\/freiheit.ca\\\/\"},{\"@type\":\"ListItem\",\"position\":2,\"name\":\"Free Assessment\"}]},{\"@type\":\"WebSite\",\"@id\":\"https:\\\/\\\/freiheit.ca\\\/en-ca\\\/premium-quality-home-care\\\/#website\",\"url\":\"https:\\\/\\\/freiheit.ca\\\/en-ca\\\/premium-quality-home-care\\\/\",\"name\":\"Freiheit Care\",\"description\":\"Premium Quality Home Care\",\"publisher\":{\"@id\":\"https:\\\/\\\/freiheit.ca\\\/en-ca\\\/premium-quality-home-care\\\/#organization\"},\"potentialAction\":[{\"@type\":\"SearchAction\",\"target\":{\"@type\":\"EntryPoint\",\"urlTemplate\":\"https:\\\/\\\/freiheit.ca\\\/en-ca\\\/premium-quality-home-care\\\/?s={search_term_string}\"},\"query-input\":{\"@type\":\"PropertyValueSpecification\",\"valueRequired\":true,\"valueName\":\"search_term_string\"}}],\"inLanguage\":\"fr-CA\"},{\"@type\":\"Organization\",\"@id\":\"https:\\\/\\\/freiheit.ca\\\/en-ca\\\/premium-quality-home-care\\\/#organization\",\"name\":\"Freiheit Care\",\"url\":\"https:\\\/\\\/freiheit.ca\\\/en-ca\\\/premium-quality-home-care\\\/\",\"logo\":{\"@type\":\"ImageObject\",\"inLanguage\":\"fr-CA\",\"@id\":\"https:\\\/\\\/freiheit.ca\\\/en-ca\\\/premium-quality-home-care\\\/#\\\/schema\\\/logo\\\/image\\\/\",\"url\":\"https:\\\/\\\/freiheit.ca\\\/wp-content\\\/uploads\\\/2020\\\/05\\\/500wideLogo.png\",\"contentUrl\":\"https:\\\/\\\/freiheit.ca\\\/wp-content\\\/uploads\\\/2020\\\/05\\\/500wideLogo.png\",\"width\":410,\"height\":158,\"caption\":\"Freiheit Care\"},\"image\":{\"@id\":\"https:\\\/\\\/freiheit.ca\\\/en-ca\\\/premium-quality-home-care\\\/#\\\/schema\\\/logo\\\/image\\\/\"},\"sameAs\":[\"https:\\\/\\\/www.facebook.com\\\/FreiheitCare\"]}]}<\/script>\n<!-- \/ Yoast SEO plugin. -->","yoast_head_json":{"title":"Free Assessment - Freiheit Care","description":"Every client at Freiheit Care receives a tailored care plan, as everyone\u2019s needs are unique. Contact us today for your free assessment.","robots":{"index":"index","follow":"follow","max-snippet":"max-snippet:-1","max-image-preview":"max-image-preview:large","max-video-preview":"max-video-preview:-1"},"canonical":"https:\/\/freiheit.ca\/fr\/free-assessment\/","og_locale":"fr_CA","og_type":"article","og_title":"Free home care assessment","og_description":"Every client at Freiheit receives a tailored care plan as we understand that everyone\u2019s needs are unique. Contact us today for your free assessment.","og_url":"https:\/\/freiheit.ca\/fr\/free-assessment\/","og_site_name":"Freiheit Care","article_publisher":"https:\/\/www.facebook.com\/FreiheitCare","article_modified_time":"2025-03-31T21:44:00+00:00","og_image":[{"width":410,"height":158,"url":"https:\/\/freiheit.ca\/wp-content\/uploads\/2020\/05\/500wideLogo.png","type":"image\/png"}],"twitter_card":"summary_large_image","twitter_title":"Free home care assessment","twitter_description":"Every client at Freiheit receives a tailored care plan as we understand that everyone\u2019s needs are unique. Contact us today for your free assessment.","twitter_image":"https:\/\/freiheit.ca\/wp-content\/uploads\/2025\/03\/Questions-to-ask-a-home-care-provider.png","twitter_misc":{"Estimation du temps de lecture":"1 minute"},"schema":{"@context":"https:\/\/schema.org","@graph":[{"@type":"WebPage","@id":"https:\/\/freiheit.ca\/free-assessment\/","url":"https:\/\/freiheit.ca\/free-assessment\/","name":"Free Assessment - Freiheit Care","isPartOf":{"@id":"https:\/\/freiheit.ca\/en-ca\/premium-quality-home-care\/#website"},"datePublished":"2023-06-12T18:01:34+00:00","dateModified":"2025-03-31T21:44:00+00:00","description":"Every client at Freiheit Care receives a tailored care plan, as everyone\u2019s needs are unique. Contact us today for your free assessment.","breadcrumb":{"@id":"https:\/\/freiheit.ca\/free-assessment\/#breadcrumb"},"inLanguage":"fr-CA","potentialAction":[{"@type":"ReadAction","target":["https:\/\/freiheit.ca\/free-assessment\/"]}]},{"@type":"BreadcrumbList","@id":"https:\/\/freiheit.ca\/free-assessment\/#breadcrumb","itemListElement":[{"@type":"ListItem","position":1,"name":"Home","item":"https:\/\/freiheit.ca\/"},{"@type":"ListItem","position":2,"name":"Free Assessment"}]},{"@type":"WebSite","@id":"https:\/\/freiheit.ca\/en-ca\/premium-quality-home-care\/#website","url":"https:\/\/freiheit.ca\/en-ca\/premium-quality-home-care\/","name":"Freiheit Care","description":"Soins de qualit\u00e9 \u00e0 domicile","publisher":{"@id":"https:\/\/freiheit.ca\/en-ca\/premium-quality-home-care\/#organization"},"potentialAction":[{"@type":"SearchAction","target":{"@type":"EntryPoint","urlTemplate":"https:\/\/freiheit.ca\/en-ca\/premium-quality-home-care\/?s={search_term_string}"},"query-input":{"@type":"PropertyValueSpecification","valueRequired":true,"valueName":"search_term_string"}}],"inLanguage":"fr-CA"},{"@type":"Organization","@id":"https:\/\/freiheit.ca\/en-ca\/premium-quality-home-care\/#organization","name":"Freiheit Care","url":"https:\/\/freiheit.ca\/en-ca\/premium-quality-home-care\/","logo":{"@type":"ImageObject","inLanguage":"fr-CA","@id":"https:\/\/freiheit.ca\/en-ca\/premium-quality-home-care\/#\/schema\/logo\/image\/","url":"https:\/\/freiheit.ca\/wp-content\/uploads\/2020\/05\/500wideLogo.png","contentUrl":"https:\/\/freiheit.ca\/wp-content\/uploads\/2020\/05\/500wideLogo.png","width":410,"height":158,"caption":"Freiheit Care"},"image":{"@id":"https:\/\/freiheit.ca\/en-ca\/premium-quality-home-care\/#\/schema\/logo\/image\/"},"sameAs":["https:\/\/www.facebook.com\/FreiheitCare"]}]}},"_links":{"self":[{"href":"https:\/\/freiheit.ca\/fr\/wp-json\/wp\/v2\/pages\/2407","targetHints":{"allow":["GET"]}}],"collection":[{"href":"https:\/\/freiheit.ca\/fr\/wp-json\/wp\/v2\/pages"}],"about":[{"href":"https:\/\/freiheit.ca\/fr\/wp-json\/wp\/v2\/types\/page"}],"author":[{"embeddable":true,"href":"https:\/\/freiheit.ca\/fr\/wp-json\/wp\/v2\/users\/1"}],"replies":[{"embeddable":true,"href":"https:\/\/freiheit.ca\/fr\/wp-json\/wp\/v2\/comments?post=2407"}],"version-history":[{"count":70,"href":"https:\/\/freiheit.ca\/fr\/wp-json\/wp\/v2\/pages\/2407\/revisions"}],"predecessor-version":[{"id":3878,"href":"https:\/\/freiheit.ca\/fr\/wp-json\/wp\/v2\/pages\/2407\/revisions\/3878"}],"wp:attachment":[{"href":"https:\/\/freiheit.ca\/fr\/wp-json\/wp\/v2\/media?parent=2407"}],"curies":[{"name":"wp","href":"https:\/\/api.w.org\/{rel}","templated":true}]}}