{"id":1066,"date":"2020-07-11T18:01:03","date_gmt":"2020-07-11T22:01:03","guid":{"rendered":"https:\/\/freiheit.ca\/?page_id=1066"},"modified":"2026-03-28T07:54:16","modified_gmt":"2026-03-28T11:54:16","slug":"your-quote","status":"publish","type":"page","link":"https:\/\/freiheit.ca\/fr\/your-quote\/","title":{"rendered":"Your Quote"},"content":{"rendered":"\t\t<div data-elementor-type=\"wp-page\" data-elementor-id=\"1066\" class=\"elementor elementor-1066\" data-elementor-post-type=\"page\">\n\t\t\t\t\t\t<section class=\"elementor-section elementor-top-section elementor-element elementor-element-1049070 elementor-section-full_width elementor-section-stretched elementor-section-height-default elementor-section-height-default\" data-id=\"1049070\" data-element_type=\"section\" data-e-type=\"section\" data-settings=\"{&quot;background_background&quot;:&quot;classic&quot;,&quot;stretch_section&quot;:&quot;section-stretched&quot;}\">\n\t\t\t\t\t\t<div class=\"elementor-container elementor-column-gap-default\">\n\t\t\t\t\t<div class=\"elementor-column elementor-col-100 elementor-top-column elementor-element elementor-element-de5652a\" data-id=\"de5652a\" data-element_type=\"column\" data-e-type=\"column\">\n\t\t\t<div class=\"elementor-widget-wrap\">\n\t\t\t\t\t\t\t<\/div>\n\t\t<\/div>\n\t\t\t\t\t<\/div>\n\t\t<\/section>\n\t\t\t\t<section class=\"elementor-section elementor-top-section elementor-element elementor-element-23ac991c elementor-section-full_width elementor-section-height-default elementor-section-height-default\" data-id=\"23ac991c\" data-element_type=\"section\" data-e-type=\"section\" data-settings=\"{&quot;background_background&quot;:&quot;classic&quot;,&quot;shape_divider_bottom&quot;:&quot;curve&quot;,&quot;shape_divider_bottom_negative&quot;:&quot;yes&quot;}\">\n\t\t\t\t\t<div class=\"elementor-shape elementor-shape-bottom\" aria-hidden=\"true\" data-negative=\"true\">\n\t\t\t<svg xmlns=\"http:\/\/www.w3.org\/2000\/svg\" viewBox=\"0 0 1000 100\" preserveAspectRatio=\"none\">\n\t<path class=\"elementor-shape-fill\" d=\"M500,97C126.7,96.3,0.8,19.8,0,0v100l1000,0V1C1000,19.4,873.3,97.8,500,97z\"\/>\n<\/svg>\t\t<\/div>\n\t\t\t\t\t<div class=\"elementor-container elementor-column-gap-no\">\n\t\t\t\t\t<div class=\"elementor-column elementor-col-100 elementor-top-column elementor-element elementor-element-695c5516\" data-id=\"695c5516\" data-element_type=\"column\" data-e-type=\"column\">\n\t\t\t<div class=\"elementor-widget-wrap elementor-element-populated\">\n\t\t\t\t\t\t<section class=\"elementor-section elementor-inner-section elementor-element elementor-element-54d16205 elementor-section-boxed elementor-section-height-default elementor-section-height-default\" data-id=\"54d16205\" data-element_type=\"section\" data-e-type=\"section\">\n\t\t\t\t\t\t<div class=\"elementor-container elementor-column-gap-default\">\n\t\t\t\t\t<div class=\"elementor-column elementor-col-50 elementor-inner-column elementor-element elementor-element-a731936\" data-id=\"a731936\" data-element_type=\"column\" data-e-type=\"column\" data-settings=\"{&quot;background_background&quot;:&quot;classic&quot;}\">\n\t\t\t<div class=\"elementor-widget-wrap elementor-element-populated\">\n\t\t\t\t\t\t<div class=\"elementor-element elementor-element-7e642d6 elementor-widget elementor-widget-heading\" data-id=\"7e642d6\" data-element_type=\"widget\" data-e-type=\"widget\" data-widget_type=\"heading.default\">\n\t\t\t\t<div class=\"elementor-widget-container\">\n\t\t\t\t\t<h1 class=\"elementor-heading-title elementor-size-default\">Get Your Quote <\/h1>\t\t\t\t<\/div>\n\t\t\t\t<\/div>\n\t\t\t\t<div class=\"elementor-element elementor-element-3889f9e elementor-widget elementor-widget-spacer\" data-id=\"3889f9e\" data-element_type=\"widget\" data-e-type=\"widget\" data-widget_type=\"spacer.default\">\n\t\t\t\t<div class=\"elementor-widget-container\">\n\t\t\t\t\t\t\t<div class=\"elementor-spacer\">\n\t\t\t<div class=\"elementor-spacer-inner\"><\/div>\n\t\t<\/div>\n\t\t\t\t\t\t<\/div>\n\t\t\t\t<\/div>\n\t\t\t\t<div class=\"elementor-element elementor-element-78052b62 elementor-mobile-align-center elementor-align-justify elementor-widget elementor-widget-button\" data-id=\"78052b62\" data-element_type=\"widget\" data-e-type=\"widget\" data-widget_type=\"button.default\">\n\t\t\t\t<div class=\"elementor-widget-container\">\n\t\t\t\t\t\t\t\t\t<div class=\"elementor-button-wrapper\">\n\t\t\t\t\t<a class=\"elementor-button elementor-button-link elementor-size-md\" href=\"https:\/\/freiheit.ca\/en-ca\/contact-us\/\" target=\"_blank\">\n\t\t\t\t\t\t<span class=\"elementor-button-content-wrapper\">\n\t\t\t\t\t\t\t\t\t<span class=\"elementor-button-text\">Contact us<\/span>\n\t\t\t\t\t<\/span>\n\t\t\t\t\t<\/a>\n\t\t\t\t<\/div>\n\t\t\t\t\t\t\t\t<\/div>\n\t\t\t\t<\/div>\n\t\t\t\t\t<\/div>\n\t\t<\/div>\n\t\t\t\t<div class=\"elementor-column elementor-col-50 elementor-inner-column elementor-element elementor-element-6263c4ba\" data-id=\"6263c4ba\" data-element_type=\"column\" data-e-type=\"column\">\n\t\t\t<div class=\"elementor-widget-wrap\">\n\t\t\t\t\t\t\t<\/div>\n\t\t<\/div>\n\t\t\t\t\t<\/div>\n\t\t<\/section>\n\t\t\t\t\t<\/div>\n\t\t<\/div>\n\t\t\t\t\t<\/div>\n\t\t<\/section>\n\t\t\t\t<section class=\"elementor-section elementor-top-section elementor-element elementor-element-792bf57 elementor-section-boxed elementor-section-height-default elementor-section-height-default\" data-id=\"792bf57\" data-element_type=\"section\" data-e-type=\"section\">\n\t\t\t\t\t\t<div class=\"elementor-container elementor-column-gap-default\">\n\t\t\t\t\t<div class=\"elementor-column elementor-col-100 elementor-top-column elementor-element elementor-element-f07f674\" data-id=\"f07f674\" data-element_type=\"column\" data-e-type=\"column\">\n\t\t\t<div class=\"elementor-widget-wrap elementor-element-populated\">\n\t\t\t\t\t\t<div class=\"elementor-element elementor-element-fe50983 elementor-widget elementor-widget-heading\" data-id=\"fe50983\" data-element_type=\"widget\" data-e-type=\"widget\" data-widget_type=\"heading.default\">\n\t\t\t\t<div class=\"elementor-widget-container\">\n\t\t\t\t\t<h2 class=\"elementor-heading-title elementor-size-default\">GET A PERSONALIZED QUOTE<\/h2>\t\t\t\t<\/div>\n\t\t\t\t<\/div>\n\t\t\t\t<div class=\"elementor-element elementor-element-23ee2b2 elementor-widget elementor-widget-text-editor\" data-id=\"23ee2b2\" data-element_type=\"widget\" data-e-type=\"widget\" data-widget_type=\"text-editor.default\">\n\t\t\t\t<div class=\"elementor-widget-container\">\n\t\t\t\t\t\t\t\t\t<p>Please give us a few details so we can provide a free, no obligation quote, tailored to your situation.<\/p>\t\t\t\t\t\t\t\t<\/div>\n\t\t\t\t<\/div>\n\t\t\t\t<div class=\"elementor-element elementor-element-4113a97 elementor-button-align-stretch elementor-widget elementor-widget-form\" data-id=\"4113a97\" data-element_type=\"widget\" data-e-type=\"widget\" data-settings=\"{&quot;step_next_label&quot;:&quot;Next&quot;,&quot;step_previous_label&quot;:&quot;Previous&quot;,&quot;button_width&quot;:&quot;100&quot;,&quot;step_type&quot;:&quot;number_text&quot;,&quot;step_icon_shape&quot;:&quot;circle&quot;}\" data-widget_type=\"form.default\">\n\t\t\t\t<div class=\"elementor-widget-container\">\n\t\t\t\t\t\t\t<form class=\"elementor-form\" method=\"post\" id=\"QuoteForm\" name=\"New Form\" aria-label=\"New Form\">\n\t\t\t<input type=\"hidden\" name=\"post_id\" value=\"1066\"\/>\n\t\t\t<input type=\"hidden\" name=\"form_id\" value=\"4113a97\"\/>\n\t\t\t<input type=\"hidden\" name=\"referer_title\" value=\"Freiheit Care\" \/>\n\n\t\t\t\n\t\t\t<div class=\"elementor-form-fields-wrapper elementor-labels-above\">\n\t\t\t\t\t\t\t\t<div class=\"elementor-field-type-text elementor-field-group elementor-column elementor-field-group-name elementor-col-100 elementor-field-required\">\n\t\t\t\t\t\t\t\t\t\t\t\t<label for=\"form-field-name\" class=\"elementor-field-label\">\n\t\t\t\t\t\t\t\tYour Name\t\t\t\t\t\t\t<\/label>\n\t\t\t\t\t\t\t\t\t\t\t\t\t\t<input size=\"1\" type=\"text\" name=\"form_fields[name]\" id=\"form-field-name\" class=\"elementor-field elementor-size-sm  elementor-field-textual\" placeholder=\"Name\" required=\"required\">\n\t\t\t\t\t\t\t\t\t\t\t<\/div>\n\t\t\t\t\t\t\t\t<div class=\"elementor-field-type-email elementor-field-group elementor-column elementor-field-group-email elementor-col-100 elementor-field-required\">\n\t\t\t\t\t\t\t\t\t\t\t\t<label for=\"form-field-email\" class=\"elementor-field-label\">\n\t\t\t\t\t\t\t\tEmail\t\t\t\t\t\t\t<\/label>\n\t\t\t\t\t\t\t\t\t\t\t\t\t\t<input size=\"1\" type=\"email\" name=\"form_fields[email]\" id=\"form-field-email\" class=\"elementor-field elementor-size-sm  elementor-field-textual\" placeholder=\"Email\" required=\"required\">\n\t\t\t\t\t\t\t\t\t\t\t<\/div>\n\t\t\t\t\t\t\t\t<div class=\"elementor-field-type-tel elementor-field-group elementor-column elementor-field-group-phone elementor-col-100\">\n\t\t\t\t\t\t\t\t\t\t\t\t<label for=\"form-field-phone\" class=\"elementor-field-label\">\n\t\t\t\t\t\t\t\tPhone\t\t\t\t\t\t\t<\/label>\n\t\t\t\t\t\t\t\t<input size=\"1\" type=\"tel\" name=\"form_fields[phone]\" id=\"form-field-phone\" class=\"elementor-field elementor-size-sm  elementor-field-textual\" placeholder=\"Phone Number\" pattern=\"[0-9()#&amp;+*-=.]+\" title=\"Seuls les caract\u00e8res de num\u00e9ros de t\u00e9l\u00e9phone (#, -, *, etc.) sont accept\u00e9s.\">\n\n\t\t\t\t\t\t<\/div>\n\t\t\t\t\t\t\t\t<div class=\"elementor-field-type-checkbox elementor-field-group elementor-column elementor-field-group-quotemessage elementor-col-100\">\n\t\t\t\t\t\t\t\t\t\t\t\t<label for=\"form-field-quotemessage\" class=\"elementor-field-label\">\n\t\t\t\t\t\t\t\tWhat are you looking for?\t\t\t\t\t\t\t<\/label>\n\t\t\t\t\t\t<div class=\"elementor-field-subgroup  \"><span class=\"elementor-field-option\"><input type=\"checkbox\" value=\"Personal Care\" id=\"form-field-quotemessage-0\" name=\"form_fields[quotemessage][]\"> <label for=\"form-field-quotemessage-0\">Personal Care<\/label><\/span><span class=\"elementor-field-option\"><input type=\"checkbox\" value=\"Companionship\" id=\"form-field-quotemessage-1\" name=\"form_fields[quotemessage][]\"> <label for=\"form-field-quotemessage-1\">Companionship<\/label><\/span><span class=\"elementor-field-option\"><input type=\"checkbox\" value=\"Nursing Care\" id=\"form-field-quotemessage-2\" name=\"form_fields[quotemessage][]\"> <label for=\"form-field-quotemessage-2\">Nursing Care<\/label><\/span><span class=\"elementor-field-option\"><input type=\"checkbox\" value=\"Respite Care\" id=\"form-field-quotemessage-3\" name=\"form_fields[quotemessage][]\"> <label for=\"form-field-quotemessage-3\">Respite Care<\/label><\/span><span class=\"elementor-field-option\"><input type=\"checkbox\" value=\"Home Help\" id=\"form-field-quotemessage-4\" name=\"form_fields[quotemessage][]\"> <label for=\"form-field-quotemessage-4\">Home Help<\/label><\/span><span class=\"elementor-field-option\"><input type=\"checkbox\" value=\"Other\" id=\"form-field-quotemessage-5\" name=\"form_fields[quotemessage][]\"> <label for=\"form-field-quotemessage-5\">Other<\/label><\/span><\/div>\t\t\t\t<\/div>\n\t\t\t\t\t\t\t\t<div class=\"elementor-field-type-textarea elementor-field-group elementor-column elementor-field-group-message elementor-col-100\">\n\t\t\t\t\t\t\t\t\t\t\t\t<label for=\"form-field-message\" class=\"elementor-field-label\">\n\t\t\t\t\t\t\t\tYour Request\t\t\t\t\t\t\t<\/label>\n\t\t\t\t\t\t<textarea class=\"elementor-field-textual elementor-field  elementor-size-sm\" name=\"form_fields[message]\" id=\"form-field-message\" rows=\"4\" placeholder=\"Message\"><\/textarea>\t\t\t\t<\/div>\n\t\t\t\t\t\t\t\t<div class=\"elementor-field-type-recaptcha_v3 elementor-field-group elementor-column elementor-field-group-field_1dbd6c5 elementor-col-100 recaptcha_v3-bottomright\">\n\t\t\t\t\t<div class=\"elementor-field\" id=\"form-field-field_1dbd6c5\"><div class=\"elementor-g-recaptcha\" data-sitekey=\"6LdNIW4nAAAAALbdiNF1e4BiSDaEJ35bG8lHDy9B\" data-type=\"v3\" data-action=\"Form\" data-badge=\"bottomright\" data-size=\"invisible\"><\/div><\/div>\t\t\t\t<\/div>\n\t\t\t\t\t\t\t\t<div class=\"elementor-field-group elementor-column elementor-field-type-submit elementor-col-100 e-form__buttons\">\n\t\t\t\t\t<button class=\"elementor-button elementor-size-sm\" type=\"submit\">\n\t\t\t\t\t\t<span class=\"elementor-button-content-wrapper\">\n\t\t\t\t\t\t\t\t\t\t\t\t\t\t\t\t\t\t\t\t\t\t<span class=\"elementor-button-text\">Send<\/span>\n\t\t\t\t\t\t\t\t\t\t\t\t\t<\/span>\n\t\t\t\t\t<\/button>\n\t\t\t\t<\/div>\n\t\t\t<\/div>\n\t\t<\/form>\n\t\t\t\t\t\t<\/div>\n\t\t\t\t<\/div>\n\t\t\t\t<div class=\"elementor-element elementor-element-7ad00c3 elementor-widget elementor-widget-text-editor\" data-id=\"7ad00c3\" data-element_type=\"widget\" data-e-type=\"widget\" data-widget_type=\"text-editor.default\">\n\t\t\t\t<div class=\"elementor-widget-container\">\n\t\t\t\t\t\t\t\t\t<p><span style=\"background-color: var(--nv-site-bg); color: var(--nv-text-color); font-family: var(--bodyfontfamily),var(--nv-fallback-ff); font-size: var(--bodyfontsize); font-weight: var(--bodyfontweight); letter-spacing: var(--bodyletterspacing); text-transform: var(--bodytexttransform);\">You can also contact us directly by phone at <\/span><a style=\"background-color: var(--nv-site-bg); font-family: var(--bodyfontfamily),var(--nv-fallback-ff); font-size: var(--bodyfontsize); font-weight: var(--bodyfontweight); letter-spacing: var(--bodyletterspacing); text-transform: var(--bodytexttransform);\" href=\"tel:+16135188258\">613-518-8258<\/a><span style=\"background-color: var(--nv-site-bg); color: var(--nv-text-color); font-family: var(--bodyfontfamily),var(--nv-fallback-ff); font-size: var(--bodyfontsize); font-weight: var(--bodyfontweight); letter-spacing: var(--bodyletterspacing); text-transform: var(--bodytexttransform);\"> or <\/span><a style=\"background-color: var(--nv-site-bg); font-family: var(--bodyfontfamily),var(--nv-fallback-ff); font-size: var(--bodyfontsize); font-weight: var(--bodyfontweight); letter-spacing: var(--bodyletterspacing); text-transform: var(--bodytexttransform);\" href=\"tel:+18558445483\">1-855-844-5483<\/a><span style=\"background-color: var(--nv-site-bg); color: var(--nv-text-color); font-family: var(--bodyfontfamily),var(--nv-fallback-ff); font-size: var(--bodyfontsize); font-weight: var(--bodyfontweight); letter-spacing: var(--bodyletterspacing); text-transform: var(--bodytexttransform);\">, or by email at <\/span><a style=\"background-color: var(--nv-site-bg); font-family: var(--bodyfontfamily),var(--nv-fallback-ff); font-size: var(--bodyfontsize); font-weight: var(--bodyfontweight); letter-spacing: var(--bodyletterspacing); text-transform: var(--bodytexttransform);\" href=\"mailto:info@freiheit.ca\">info@freiheit.ca<\/a><\/p>\t\t\t\t\t\t\t\t<\/div>\n\t\t\t\t<\/div>\n\t\t\t\t\t<\/div>\n\t\t<\/div>\n\t\t\t\t\t<\/div>\n\t\t<\/section>\n\t\t\t\t<\/div>\n\t\t","protected":false},"excerpt":{"rendered":"<p>Get Your Quote Contact us GET A PERSONALIZED QUOTE Please give us a few details so we can provide a free, no obligation quote, tailored to your situation. You can also contact us directly by phone at 613-518-8258 or 1-855-844-5483, or by email at info@freiheit.ca<\/p>","protected":false},"author":3,"featured_media":0,"parent":0,"menu_order":0,"comment_status":"closed","ping_status":"closed","template":"","meta":{"neve_meta_sidebar":"full-width","neve_meta_container":"","neve_meta_enable_content_width":"on","neve_meta_content_width":100,"neve_meta_title_alignment":"","neve_meta_author_avatar":"","neve_post_elements_order":"","neve_meta_disable_header":"","neve_meta_disable_footer":"","neve_meta_disable_title":"","two_page_speed":[],"footnotes":""},"class_list":["post-1066","page","type-page","status-publish","hentry"],"yoast_head":"<!-- This site is optimized with the Yoast SEO plugin v27.3 - https:\/\/yoast.com\/product\/yoast-seo-wordpress\/ -->\n<title>Your Quote - Freiheit Care<\/title>\n<meta name=\"robots\" content=\"noindex, follow\" \/>\n<meta property=\"og:locale\" content=\"fr_CA\" \/>\n<meta property=\"og:type\" content=\"article\" \/>\n<meta property=\"og:title\" content=\"Your Quote - Freiheit Care\" \/>\n<meta property=\"og:description\" content=\"Get Your Quote Contact us GET A PERSONALIZED QUOTE Please give us a few details so we can provide a free, no obligation quote, tailored to your situation. You can also contact us directly by phone at 613-518-8258 or 1-855-844-5483, or by email at info@freiheit.ca\" \/>\n<meta property=\"og:url\" content=\"https:\/\/freiheit.ca\/fr\/your-quote\/\" \/>\n<meta property=\"og:site_name\" content=\"Freiheit Care\" \/>\n<meta property=\"article:publisher\" content=\"https:\/\/www.facebook.com\/FreiheitCare\" \/>\n<meta property=\"article:modified_time\" content=\"2026-03-28T11:54:16+00:00\" \/>\n<meta name=\"twitter:card\" content=\"summary_large_image\" \/>\n<meta name=\"twitter:label1\" content=\"Estimation du temps de lecture\" \/>\n\t<meta name=\"twitter:data1\" content=\"1 minute\" \/>\n<script type=\"application\/ld+json\" class=\"yoast-schema-graph\">{\"@context\":\"https:\\\/\\\/schema.org\",\"@graph\":[{\"@type\":\"WebPage\",\"@id\":\"https:\\\/\\\/freiheit.ca\\\/your-quote\\\/\",\"url\":\"https:\\\/\\\/freiheit.ca\\\/your-quote\\\/\",\"name\":\"Your Quote - Freiheit Care\",\"isPartOf\":{\"@id\":\"https:\\\/\\\/freiheit.ca\\\/en-ca\\\/premium-quality-home-care\\\/#website\"},\"datePublished\":\"2020-07-11T22:01:03+00:00\",\"dateModified\":\"2026-03-28T11:54:16+00:00\",\"breadcrumb\":{\"@id\":\"https:\\\/\\\/freiheit.ca\\\/your-quote\\\/#breadcrumb\"},\"inLanguage\":\"fr-CA\",\"potentialAction\":[{\"@type\":\"ReadAction\",\"target\":[\"https:\\\/\\\/freiheit.ca\\\/your-quote\\\/\"]}]},{\"@type\":\"BreadcrumbList\",\"@id\":\"https:\\\/\\\/freiheit.ca\\\/your-quote\\\/#breadcrumb\",\"itemListElement\":[{\"@type\":\"ListItem\",\"position\":1,\"name\":\"Home\",\"item\":\"https:\\\/\\\/freiheit.ca\\\/\"},{\"@type\":\"ListItem\",\"position\":2,\"name\":\"Your Quote\"}]},{\"@type\":\"WebSite\",\"@id\":\"https:\\\/\\\/freiheit.ca\\\/en-ca\\\/premium-quality-home-care\\\/#website\",\"url\":\"https:\\\/\\\/freiheit.ca\\\/en-ca\\\/premium-quality-home-care\\\/\",\"name\":\"Freiheit Care\",\"description\":\"Premium Quality Home Care\",\"publisher\":{\"@id\":\"https:\\\/\\\/freiheit.ca\\\/en-ca\\\/premium-quality-home-care\\\/#organization\"},\"potentialAction\":[{\"@type\":\"SearchAction\",\"target\":{\"@type\":\"EntryPoint\",\"urlTemplate\":\"https:\\\/\\\/freiheit.ca\\\/en-ca\\\/premium-quality-home-care\\\/?s={search_term_string}\"},\"query-input\":{\"@type\":\"PropertyValueSpecification\",\"valueRequired\":true,\"valueName\":\"search_term_string\"}}],\"inLanguage\":\"fr-CA\"},{\"@type\":\"Organization\",\"@id\":\"https:\\\/\\\/freiheit.ca\\\/en-ca\\\/premium-quality-home-care\\\/#organization\",\"name\":\"Freiheit Care\",\"url\":\"https:\\\/\\\/freiheit.ca\\\/en-ca\\\/premium-quality-home-care\\\/\",\"logo\":{\"@type\":\"ImageObject\",\"inLanguage\":\"fr-CA\",\"@id\":\"https:\\\/\\\/freiheit.ca\\\/en-ca\\\/premium-quality-home-care\\\/#\\\/schema\\\/logo\\\/image\\\/\",\"url\":\"https:\\\/\\\/freiheit.ca\\\/wp-content\\\/uploads\\\/2020\\\/05\\\/500wideLogo.png\",\"contentUrl\":\"https:\\\/\\\/freiheit.ca\\\/wp-content\\\/uploads\\\/2020\\\/05\\\/500wideLogo.png\",\"width\":410,\"height\":158,\"caption\":\"Freiheit Care\"},\"image\":{\"@id\":\"https:\\\/\\\/freiheit.ca\\\/en-ca\\\/premium-quality-home-care\\\/#\\\/schema\\\/logo\\\/image\\\/\"},\"sameAs\":[\"https:\\\/\\\/www.facebook.com\\\/FreiheitCare\"]}]}<\/script>\n<!-- \/ Yoast SEO plugin. -->","yoast_head_json":{"title":"Your Quote - Freiheit Care","robots":{"index":"noindex","follow":"follow"},"og_locale":"fr_CA","og_type":"article","og_title":"Your Quote - Freiheit Care","og_description":"Get Your Quote Contact us GET A PERSONALIZED QUOTE Please give us a few details so we can provide a free, no obligation quote, tailored to your situation. You can also contact us directly by phone at 613-518-8258 or 1-855-844-5483, or by email at info@freiheit.ca","og_url":"https:\/\/freiheit.ca\/fr\/your-quote\/","og_site_name":"Freiheit Care","article_publisher":"https:\/\/www.facebook.com\/FreiheitCare","article_modified_time":"2026-03-28T11:54:16+00:00","twitter_card":"summary_large_image","twitter_misc":{"Estimation du temps de lecture":"1 minute"},"schema":{"@context":"https:\/\/schema.org","@graph":[{"@type":"WebPage","@id":"https:\/\/freiheit.ca\/your-quote\/","url":"https:\/\/freiheit.ca\/your-quote\/","name":"Your Quote - Freiheit Care","isPartOf":{"@id":"https:\/\/freiheit.ca\/en-ca\/premium-quality-home-care\/#website"},"datePublished":"2020-07-11T22:01:03+00:00","dateModified":"2026-03-28T11:54:16+00:00","breadcrumb":{"@id":"https:\/\/freiheit.ca\/your-quote\/#breadcrumb"},"inLanguage":"fr-CA","potentialAction":[{"@type":"ReadAction","target":["https:\/\/freiheit.ca\/your-quote\/"]}]},{"@type":"BreadcrumbList","@id":"https:\/\/freiheit.ca\/your-quote\/#breadcrumb","itemListElement":[{"@type":"ListItem","position":1,"name":"Home","item":"https:\/\/freiheit.ca\/"},{"@type":"ListItem","position":2,"name":"Your Quote"}]},{"@type":"WebSite","@id":"https:\/\/freiheit.ca\/en-ca\/premium-quality-home-care\/#website","url":"https:\/\/freiheit.ca\/en-ca\/premium-quality-home-care\/","name":"Freiheit Care","description":"Soins de qualit\u00e9 \u00e0 domicile","publisher":{"@id":"https:\/\/freiheit.ca\/en-ca\/premium-quality-home-care\/#organization"},"potentialAction":[{"@type":"SearchAction","target":{"@type":"EntryPoint","urlTemplate":"https:\/\/freiheit.ca\/en-ca\/premium-quality-home-care\/?s={search_term_string}"},"query-input":{"@type":"PropertyValueSpecification","valueRequired":true,"valueName":"search_term_string"}}],"inLanguage":"fr-CA"},{"@type":"Organization","@id":"https:\/\/freiheit.ca\/en-ca\/premium-quality-home-care\/#organization","name":"Freiheit Care","url":"https:\/\/freiheit.ca\/en-ca\/premium-quality-home-care\/","logo":{"@type":"ImageObject","inLanguage":"fr-CA","@id":"https:\/\/freiheit.ca\/en-ca\/premium-quality-home-care\/#\/schema\/logo\/image\/","url":"https:\/\/freiheit.ca\/wp-content\/uploads\/2020\/05\/500wideLogo.png","contentUrl":"https:\/\/freiheit.ca\/wp-content\/uploads\/2020\/05\/500wideLogo.png","width":410,"height":158,"caption":"Freiheit Care"},"image":{"@id":"https:\/\/freiheit.ca\/en-ca\/premium-quality-home-care\/#\/schema\/logo\/image\/"},"sameAs":["https:\/\/www.facebook.com\/FreiheitCare"]}]}},"_links":{"self":[{"href":"https:\/\/freiheit.ca\/fr\/wp-json\/wp\/v2\/pages\/1066","targetHints":{"allow":["GET"]}}],"collection":[{"href":"https:\/\/freiheit.ca\/fr\/wp-json\/wp\/v2\/pages"}],"about":[{"href":"https:\/\/freiheit.ca\/fr\/wp-json\/wp\/v2\/types\/page"}],"author":[{"embeddable":true,"href":"https:\/\/freiheit.ca\/fr\/wp-json\/wp\/v2\/users\/3"}],"replies":[{"embeddable":true,"href":"https:\/\/freiheit.ca\/fr\/wp-json\/wp\/v2\/comments?post=1066"}],"version-history":[{"count":109,"href":"https:\/\/freiheit.ca\/fr\/wp-json\/wp\/v2\/pages\/1066\/revisions"}],"predecessor-version":[{"id":3480,"href":"https:\/\/freiheit.ca\/fr\/wp-json\/wp\/v2\/pages\/1066\/revisions\/3480"}],"wp:attachment":[{"href":"https:\/\/freiheit.ca\/fr\/wp-json\/wp\/v2\/media?parent=1066"}],"curies":[{"name":"wp","href":"https:\/\/api.w.org\/{rel}","templated":true}]}}